{"id":6639,"date":"2024-11-14T16:48:03","date_gmt":"2024-11-14T16:48:03","guid":{"rendered":"https:\/\/plasmagear.ca\/?page_id=6639"},"modified":"2025-01-14T21:19:45","modified_gmt":"2025-01-14T21:19:45","slug":"about-us","status":"publish","type":"page","link":"https:\/\/plasmagear.ca\/fr\/about-us\/","title":{"rendered":"\u00c0 Propos De Nous"},"content":{"rendered":"<div data-elementor-type=\"wp-page\" data-elementor-id=\"6639\" class=\"elementor elementor-6639\" data-elementor-post-type=\"page\">\n\t\t\t\t<div class=\"elementor-element elementor-element-228f20ec e-flex e-con-boxed e-con e-parent\" data-id=\"228f20ec\" data-element_type=\"container\">\n\t\t\t\t\t<div class=\"e-con-inner\">\n\t\t\t\t\t<\/div>\n\t\t\t\t<\/div>\n\t\t<div class=\"elementor-element elementor-element-6af0eed e-con-full e-flex e-con e-parent\" data-id=\"6af0eed\" data-element_type=\"container\" data-settings=\"{&quot;background_background&quot;:&quot;gradient&quot;}\">\n\t\t<div class=\"elementor-element elementor-element-5b60b72e e-con-full e-flex e-con e-child\" data-id=\"5b60b72e\" data-element_type=\"container\">\n\t\t<div class=\"elementor-element elementor-element-4c511a7e e-con-full e-flex e-con e-child\" data-id=\"4c511a7e\" data-element_type=\"container\">\n\t\t\t\t<div class=\"elementor-element elementor-element-1a24cdb0 animated-slow elementor-invisible elementor-widget elementor-widget-heading\" data-id=\"1a24cdb0\" data-element_type=\"widget\" data-settings=\"{&quot;_animation&quot;:&quot;fadeIn&quot;}\" data-widget_type=\"heading.default\">\n\t\t\t\t<div class=\"elementor-widget-container\">\n\t\t\t\t\t<h2 class=\"elementor-heading-title elementor-size-default\">\u00c0 Propos De Nous<\/h2>\t\t\t\t<\/div>\n\t\t\t\t<\/div>\n\t\t\t\t<div class=\"elementor-element elementor-element-3a05f20b elementor-invisible elementor-widget elementor-widget-text-editor\" data-id=\"3a05f20b\" data-element_type=\"widget\" data-settings=\"{&quot;_animation&quot;:&quot;fadeIn&quot;,&quot;_animation_delay&quot;:200}\" data-widget_type=\"text-editor.default\">\n\t\t\t\t<div class=\"elementor-widget-container\">\n\t\t\t\t\t\t\t\t\t<p>Bienvenue chez Plasmagear, o\u00f9 les textiles avanc\u00e9s et la technologie de filtration s'associent pour cr\u00e9er des solutions novatrices et performantes pour un large \u00e9ventail d'industries !<\/p>\n<p>Nous nous sp\u00e9cialisons dans les textiles imperm\u00e9ables et ignifuges, utilisant la technologie plasma pour des propri\u00e9t\u00e9s mat\u00e9rielles sup\u00e9rieures et des supports de filtration \u00e0 base de nanofibres qui assurent une filtration de l'air et de l'eau \u00e0 haute efficacit\u00e9.<\/p>\n<p>Chez Plasmagear, nous ne nous contentons pas de fournir des produits en rouleau de haute qualit\u00e9, nous offrons \u00e9galement des services de recherche et d\u00e9veloppement qui nous permettent de collaborer avec nos clients pour cr\u00e9er des solutions sur mesure adapt\u00e9es \u00e0 leurs besoins sp\u00e9cifiques. Qu'il s'agisse d'am\u00e9liorer la performance des mat\u00e9riaux ou de d\u00e9velopper de nouvelles applications de filtration, notre \u00e9quipe de R&amp;D est d\u00e9di\u00e9e \u00e0 repousser les limites de l'innovation dans les technologies textiles et de filtration.<\/p>\t\t\t\t\t\t\t\t<\/div>\n\t\t\t\t<\/div>\n\t\t\t\t<div class=\"elementor-element elementor-element-3db8caa5 elementor-widget-divider--view-line elementor-widget elementor-widget-divider\" data-id=\"3db8caa5\" data-element_type=\"widget\" data-widget_type=\"divider.default\">\n\t\t\t\t<div class=\"elementor-widget-container\">\n\t\t\t\t\t\t\t<div class=\"elementor-divider\">\n\t\t\t<span class=\"elementor-divider-separator\">\n\t\t\t\t\t\t<\/span>\n\t\t<\/div>\n\t\t\t\t\t\t<\/div>\n\t\t\t\t<\/div>\n\t\t\t\t<\/div>\n\t\t\t\t<\/div>\n\t\t<div class=\"elementor-element elementor-element-434e73fa e-con-full e-flex e-con e-child\" data-id=\"434e73fa\" data-element_type=\"container\">\n\t\t\t\t<div class=\"elementor-element elementor-element-25166d98 elementor-invisible elementor-widget elementor-widget-image\" data-id=\"25166d98\" data-element_type=\"widget\" data-settings=\"{&quot;motion_fx_motion_fx_scrolling&quot;:&quot;yes&quot;,&quot;motion_fx_translateY_effect&quot;:&quot;yes&quot;,&quot;motion_fx_translateY_direction&quot;:&quot;negative&quot;,&quot;motion_fx_translateY_speed&quot;:{&quot;unit&quot;:&quot;px&quot;,&quot;size&quot;:1.5,&quot;sizes&quot;:[]},&quot;_animation&quot;:&quot;slideInRight&quot;,&quot;motion_fx_translateY_affectedRange&quot;:{&quot;unit&quot;:&quot;%&quot;,&quot;size&quot;:&quot;&quot;,&quot;sizes&quot;:{&quot;start&quot;:0,&quot;end&quot;:100}},&quot;motion_fx_devices&quot;:[&quot;desktop&quot;,&quot;tablet&quot;,&quot;mobile&quot;]}\" data-widget_type=\"image.default\">\n\t\t\t\t<div class=\"elementor-widget-container\">\n\t\t\t\t\t\t\t\t\t\t\t\t\t\t\t<img loading=\"lazy\" decoding=\"async\" width=\"930\" height=\"521\" src=\"https:\/\/plasmagear.ca\/wp-content\/uploads\/2025\/01\/AdobeStock_1067829783-1024x574.jpeg\" class=\"attachment-large size-large wp-image-8210\" alt=\"\" srcset=\"https:\/\/plasmagear.ca\/wp-content\/uploads\/2025\/01\/AdobeStock_1067829783-1024x574.jpeg 1024w, https:\/\/plasmagear.ca\/wp-content\/uploads\/2025\/01\/AdobeStock_1067829783-300x168.jpeg 300w, https:\/\/plasmagear.ca\/wp-content\/uploads\/2025\/01\/AdobeStock_1067829783-768x430.jpeg 768w, https:\/\/plasmagear.ca\/wp-content\/uploads\/2025\/01\/AdobeStock_1067829783-1536x861.jpeg 1536w, https:\/\/plasmagear.ca\/wp-content\/uploads\/2025\/01\/AdobeStock_1067829783-2048x1148.jpeg 2048w, https:\/\/plasmagear.ca\/wp-content\/uploads\/2025\/01\/AdobeStock_1067829783-18x10.jpeg 18w, https:\/\/plasmagear.ca\/wp-content\/uploads\/2025\/01\/AdobeStock_1067829783-2000x1121.jpeg 2000w, https:\/\/plasmagear.ca\/wp-content\/uploads\/2025\/01\/AdobeStock_1067829783-1000x560.jpeg 1000w, https:\/\/plasmagear.ca\/wp-content\/uploads\/2025\/01\/AdobeStock_1067829783-345x192.jpeg 345w, https:\/\/plasmagear.ca\/wp-content\/uploads\/2025\/01\/AdobeStock_1067829783-1800x1009.jpeg 1800w, https:\/\/plasmagear.ca\/wp-content\/uploads\/2025\/01\/AdobeStock_1067829783-999x560.jpeg 999w, https:\/\/plasmagear.ca\/wp-content\/uploads\/2025\/01\/AdobeStock_1067829783-600x336.jpeg 600w\" sizes=\"auto, (max-width: 930px) 100vw, 930px\" \/>\t\t\t\t\t\t\t\t\t\t\t\t\t\t\t<\/div>\n\t\t\t\t<\/div>\n\t\t\t\t<\/div>\n\t\t\t\t<\/div>\n\t\t<div class=\"elementor-element elementor-element-1565d819 e-flex e-con-boxed e-con e-parent\" data-id=\"1565d819\" data-element_type=\"container\" data-settings=\"{&quot;background_background&quot;:&quot;classic&quot;}\">\n\t\t\t\t\t<div class=\"e-con-inner\">\n\t\t\t\t<div class=\"elementor-element elementor-element-75501926 animated-slow elementor-widget__width-inherit elementor-invisible elementor-widget elementor-widget-heading\" data-id=\"75501926\" data-element_type=\"widget\" data-settings=\"{&quot;_animation&quot;:&quot;fadeIn&quot;}\" data-widget_type=\"heading.default\">\n\t\t\t\t<div class=\"elementor-widget-container\">\n\t\t\t\t\t<h2 class=\"elementor-heading-title elementor-size-default\">Notre Vision<\/h2>\t\t\t\t<\/div>\n\t\t\t\t<\/div>\n\t\t\t\t<div class=\"elementor-element elementor-element-68454a04 elementor-widget__width-inherit elementor-invisible elementor-widget elementor-widget-text-editor\" data-id=\"68454a04\" data-element_type=\"widget\" data-settings=\"{&quot;_animation&quot;:&quot;fadeIn&quot;,&quot;_animation_delay&quot;:200}\" data-widget_type=\"text-editor.default\">\n\t\t\t\t<div class=\"elementor-widget-container\">\n\t\t\t\t\t\t\t\t\t<p>Notre vision est d'ouvrir la voie au d\u00e9veloppement de technologies textiles et de filtration durables et de pointe qui r\u00e9pondent aux demandes changeantes des industries du monde entier. Nous visons \u00e0 \u00e9tablir de nouvelles normes en mati\u00e8re de rendement, de s\u00e9curit\u00e9 et de durabilit\u00e9, en fournissant des produits et services qui ont un impact tangible sur les entreprises, les environnements et la vie des gens. De l'\u00e9quipement de protection de qualit\u00e9 militaire et de l'\u00e9quipement industriel aux syst\u00e8mes de filtration avanc\u00e9s, Plasmagear s'engage \u00e0 cr\u00e9er des solutions qui d\u00e9passent les attentes.<\/p>\n<p>Ayant pour mission d'innover dans les membranes en nanofibres, PlasmaGear con\u00e7oit et fabrique des membranes de haute qualit\u00e9 sans PFAS. Gr\u00e2ce \u00e0 des tests rigoureux et \u00e0 un engagement envers la qualit\u00e9, PlasmaGear vise \u00e0 cr\u00e9er des environnements plus propres, plus s\u00fbrs et plus sains pour tout le monde\u00a0!<\/p>\t\t\t\t\t\t\t\t<\/div>\n\t\t\t\t<\/div>\n\t\t\t\t\t<\/div>\n\t\t\t\t<\/div>\n\t\t\t\t<\/div>","protected":false},"excerpt":{"rendered":"<p>About Us Welcome to Plasmagear, where advanced textiles and filtration technology come together to create innovative, high-performance solutions for a wide array of industries! We specialize in waterproof and flame-resistant textiles, utilizing Plasma Technology for superior material properties, and nanofiber-based filtration media that ensures high-efficiency air and water filtration. At Plasmagear, we not only provide high-quality roll products but also offer Research &amp; Development Services that allow us to collaborate with our clients to create [&hellip;]<\/p>","protected":false},"author":1,"featured_media":0,"parent":0,"menu_order":0,"comment_status":"closed","ping_status":"closed","template":"elementor_header_footer","meta":{"footnotes":""},"class_list":["post-6639","page","type-page","status-publish","hentry"],"yoast_head":"<!-- This site is optimized with the Yoast SEO plugin v24.5 - https:\/\/yoast.com\/wordpress\/plugins\/seo\/ -->\n<title>About Us - plasmagear<\/title>\n<meta name=\"robots\" content=\"index, follow, max-snippet:-1, max-image-preview:large, max-video-preview:-1\" \/>\n<link rel=\"canonical\" href=\"https:\/\/plasmagear.ca\/fr\/about-us\/\" \/>\n<meta property=\"og:locale\" content=\"fr_FR\" \/>\n<meta property=\"og:type\" content=\"article\" \/>\n<meta property=\"og:title\" content=\"About Us - plasmagear\" \/>\n<meta property=\"og:description\" content=\"About Us Welcome to Plasmagear, where advanced textiles and filtration technology come together to create innovative, high-performance solutions for a wide array of industries! We specialize in waterproof and flame-resistant textiles, utilizing Plasma Technology for superior material properties, and nanofiber-based filtration media that ensures high-efficiency air and water filtration. At Plasmagear, we not only provide high-quality roll products but also offer Research &amp; Development Services that allow us to collaborate with our clients to create [&hellip;]\" \/>\n<meta property=\"og:url\" content=\"https:\/\/plasmagear.ca\/fr\/about-us\/\" \/>\n<meta property=\"og:site_name\" content=\"plasmagear\" \/>\n<meta property=\"article:modified_time\" content=\"2025-01-14T21:19:45+00:00\" \/>\n<meta property=\"og:image\" content=\"https:\/\/plasmagear.ca\/wp-content\/uploads\/2025\/01\/AdobeStock_1067829783-scaled.jpeg\" \/>\n\t<meta property=\"og:image:width\" content=\"2560\" \/>\n\t<meta property=\"og:image:height\" content=\"1435\" \/>\n\t<meta property=\"og:image:type\" content=\"image\/jpeg\" \/>\n<meta name=\"twitter:card\" content=\"summary_large_image\" \/>\n<meta name=\"twitter:label1\" content=\"Dur\u00e9e de lecture estim\u00e9e\" \/>\n\t<meta name=\"twitter:data1\" content=\"2 minutes\" \/>\n<script type=\"application\/ld+json\" class=\"yoast-schema-graph\">{\"@context\":\"https:\/\/schema.org\",\"@graph\":[{\"@type\":\"WebPage\",\"@id\":\"https:\/\/plasmagear.ca\/about-us\/\",\"url\":\"https:\/\/plasmagear.ca\/about-us\/\",\"name\":\"About Us - plasmagear\",\"isPartOf\":{\"@id\":\"https:\/\/plasmagear.ca\/#website\"},\"primaryImageOfPage\":{\"@id\":\"https:\/\/plasmagear.ca\/about-us\/#primaryimage\"},\"image\":{\"@id\":\"https:\/\/plasmagear.ca\/about-us\/#primaryimage\"},\"thumbnailUrl\":\"https:\/\/plasmagear.ca\/wp-content\/uploads\/2025\/01\/AdobeStock_1067829783-1024x574.jpeg\",\"datePublished\":\"2024-11-14T16:48:03+00:00\",\"dateModified\":\"2025-01-14T21:19:45+00:00\",\"breadcrumb\":{\"@id\":\"https:\/\/plasmagear.ca\/about-us\/#breadcrumb\"},\"inLanguage\":\"fr-FR\",\"potentialAction\":[{\"@type\":\"ReadAction\",\"target\":[\"https:\/\/plasmagear.ca\/about-us\/\"]}]},{\"@type\":\"ImageObject\",\"inLanguage\":\"fr-FR\",\"@id\":\"https:\/\/plasmagear.ca\/about-us\/#primaryimage\",\"url\":\"https:\/\/plasmagear.ca\/wp-content\/uploads\/2025\/01\/AdobeStock_1067829783-1024x574.jpeg\",\"contentUrl\":\"https:\/\/plasmagear.ca\/wp-content\/uploads\/2025\/01\/AdobeStock_1067829783-1024x574.jpeg\"},{\"@type\":\"BreadcrumbList\",\"@id\":\"https:\/\/plasmagear.ca\/about-us\/#breadcrumb\",\"itemListElement\":[{\"@type\":\"ListItem\",\"position\":1,\"name\":\"Home\",\"item\":\"https:\/\/plasmagear.ca\/\"},{\"@type\":\"ListItem\",\"position\":2,\"name\":\"About Us\"}]},{\"@type\":\"WebSite\",\"@id\":\"https:\/\/plasmagear.ca\/#website\",\"url\":\"https:\/\/plasmagear.ca\/\",\"name\":\"www.plasmagear.ca\",\"description\":\"\",\"publisher\":{\"@id\":\"https:\/\/plasmagear.ca\/#organization\"},\"potentialAction\":[{\"@type\":\"SearchAction\",\"target\":{\"@type\":\"EntryPoint\",\"urlTemplate\":\"https:\/\/plasmagear.ca\/?s={search_term_string}\"},\"query-input\":{\"@type\":\"PropertyValueSpecification\",\"valueRequired\":true,\"valueName\":\"search_term_string\"}}],\"inLanguage\":\"fr-FR\"},{\"@type\":\"Organization\",\"@id\":\"https:\/\/plasmagear.ca\/#organization\",\"name\":\"Plasmagear\",\"url\":\"https:\/\/plasmagear.ca\/\",\"logo\":{\"@type\":\"ImageObject\",\"inLanguage\":\"fr-FR\",\"@id\":\"https:\/\/plasmagear.ca\/#\/schema\/logo\/image\/\",\"url\":\"https:\/\/plasmagear.ca\/wp-content\/uploads\/2024\/11\/cropped-Logo-4.png\",\"contentUrl\":\"https:\/\/plasmagear.ca\/wp-content\/uploads\/2024\/11\/cropped-Logo-4.png\",\"width\":1761,\"height\":1243,\"caption\":\"Plasmagear\"},\"image\":{\"@id\":\"https:\/\/plasmagear.ca\/#\/schema\/logo\/image\/\"}}]}<\/script>\n<!-- \/ Yoast SEO plugin. -->","yoast_head_json":{"title":"About Us - plasmagear","robots":{"index":"index","follow":"follow","max-snippet":"max-snippet:-1","max-image-preview":"max-image-preview:large","max-video-preview":"max-video-preview:-1"},"canonical":"https:\/\/plasmagear.ca\/fr\/about-us\/","og_locale":"fr_FR","og_type":"article","og_title":"About Us - plasmagear","og_description":"About Us Welcome to Plasmagear, where advanced textiles and filtration technology come together to create innovative, high-performance solutions for a wide array of industries! We specialize in waterproof and flame-resistant textiles, utilizing Plasma Technology for superior material properties, and nanofiber-based filtration media that ensures high-efficiency air and water filtration. At Plasmagear, we not only provide high-quality roll products but also offer Research &amp; Development Services that allow us to collaborate with our clients to create [&hellip;]","og_url":"https:\/\/plasmagear.ca\/fr\/about-us\/","og_site_name":"plasmagear","article_modified_time":"2025-01-14T21:19:45+00:00","og_image":[{"width":2560,"height":1435,"url":"https:\/\/plasmagear.ca\/wp-content\/uploads\/2025\/01\/AdobeStock_1067829783-scaled.jpeg","type":"image\/jpeg"}],"twitter_card":"summary_large_image","twitter_misc":{"Dur\u00e9e de lecture estim\u00e9e":"2 minutes"},"schema":{"@context":"https:\/\/schema.org","@graph":[{"@type":"WebPage","@id":"https:\/\/plasmagear.ca\/about-us\/","url":"https:\/\/plasmagear.ca\/about-us\/","name":"About Us - plasmagear","isPartOf":{"@id":"https:\/\/plasmagear.ca\/#website"},"primaryImageOfPage":{"@id":"https:\/\/plasmagear.ca\/about-us\/#primaryimage"},"image":{"@id":"https:\/\/plasmagear.ca\/about-us\/#primaryimage"},"thumbnailUrl":"https:\/\/plasmagear.ca\/wp-content\/uploads\/2025\/01\/AdobeStock_1067829783-1024x574.jpeg","datePublished":"2024-11-14T16:48:03+00:00","dateModified":"2025-01-14T21:19:45+00:00","breadcrumb":{"@id":"https:\/\/plasmagear.ca\/about-us\/#breadcrumb"},"inLanguage":"fr-FR","potentialAction":[{"@type":"ReadAction","target":["https:\/\/plasmagear.ca\/about-us\/"]}]},{"@type":"ImageObject","inLanguage":"fr-FR","@id":"https:\/\/plasmagear.ca\/about-us\/#primaryimage","url":"https:\/\/plasmagear.ca\/wp-content\/uploads\/2025\/01\/AdobeStock_1067829783-1024x574.jpeg","contentUrl":"https:\/\/plasmagear.ca\/wp-content\/uploads\/2025\/01\/AdobeStock_1067829783-1024x574.jpeg"},{"@type":"BreadcrumbList","@id":"https:\/\/plasmagear.ca\/about-us\/#breadcrumb","itemListElement":[{"@type":"ListItem","position":1,"name":"Home","item":"https:\/\/plasmagear.ca\/"},{"@type":"ListItem","position":2,"name":"About Us"}]},{"@type":"WebSite","@id":"https:\/\/plasmagear.ca\/#website","url":"https:\/\/plasmagear.ca\/","name":"www.plasmagear.ca","description":"","publisher":{"@id":"https:\/\/plasmagear.ca\/#organization"},"potentialAction":[{"@type":"SearchAction","target":{"@type":"EntryPoint","urlTemplate":"https:\/\/plasmagear.ca\/?s={search_term_string}"},"query-input":{"@type":"PropertyValueSpecification","valueRequired":true,"valueName":"search_term_string"}}],"inLanguage":"fr-FR"},{"@type":"Organization","@id":"https:\/\/plasmagear.ca\/#organization","name":"Plasmagear","url":"https:\/\/plasmagear.ca\/","logo":{"@type":"ImageObject","inLanguage":"fr-FR","@id":"https:\/\/plasmagear.ca\/#\/schema\/logo\/image\/","url":"https:\/\/plasmagear.ca\/wp-content\/uploads\/2024\/11\/cropped-Logo-4.png","contentUrl":"https:\/\/plasmagear.ca\/wp-content\/uploads\/2024\/11\/cropped-Logo-4.png","width":1761,"height":1243,"caption":"Plasmagear"},"image":{"@id":"https:\/\/plasmagear.ca\/#\/schema\/logo\/image\/"}}]}},"_links":{"self":[{"href":"https:\/\/plasmagear.ca\/fr\/wp-json\/wp\/v2\/pages\/6639","targetHints":{"allow":["GET"]}}],"collection":[{"href":"https:\/\/plasmagear.ca\/fr\/wp-json\/wp\/v2\/pages"}],"about":[{"href":"https:\/\/plasmagear.ca\/fr\/wp-json\/wp\/v2\/types\/page"}],"author":[{"embeddable":true,"href":"https:\/\/plasmagear.ca\/fr\/wp-json\/wp\/v2\/users\/1"}],"replies":[{"embeddable":true,"href":"https:\/\/plasmagear.ca\/fr\/wp-json\/wp\/v2\/comments?post=6639"}],"version-history":[{"count":64,"href":"https:\/\/plasmagear.ca\/fr\/wp-json\/wp\/v2\/pages\/6639\/revisions"}],"predecessor-version":[{"id":8260,"href":"https:\/\/plasmagear.ca\/fr\/wp-json\/wp\/v2\/pages\/6639\/revisions\/8260"}],"wp:attachment":[{"href":"https:\/\/plasmagear.ca\/fr\/wp-json\/wp\/v2\/media?parent=6639"}],"curies":[{"name":"wp","href":"https:\/\/api.w.org\/{rel}","templated":true}]}}