{"id":6645,"date":"2024-11-14T16:51:01","date_gmt":"2024-11-14T16:51:01","guid":{"rendered":"https:\/\/plasmagear.ca\/services\/"},"modified":"2025-01-14T22:14:05","modified_gmt":"2025-01-14T22:14:05","slug":"services","status":"publish","type":"page","link":"https:\/\/plasmagear.ca\/fr\/services\/","title":{"rendered":"Services"},"content":{"rendered":"<div data-elementor-type=\"wp-page\" data-elementor-id=\"6645\" class=\"elementor elementor-6645\" data-elementor-post-type=\"page\">\n\t\t\t\t<div class=\"elementor-element elementor-element-34c65cf7 e-flex e-con-boxed e-con e-parent\" data-id=\"34c65cf7\" data-element_type=\"container\">\n\t\t\t\t\t<div class=\"e-con-inner\">\n\t\t\t\t\t<\/div>\n\t\t\t\t<\/div>\n\t\t<div class=\"elementor-element elementor-element-da01008 e-con-full e-flex e-con e-parent\" data-id=\"da01008\" data-element_type=\"container\">\n\t\t\t\t<div class=\"elementor-element elementor-element-484392a7 elementor-widget elementor-widget-heading\" data-id=\"484392a7\" data-element_type=\"widget\" data-widget_type=\"heading.default\">\n\t\t\t\t<div class=\"elementor-widget-container\">\n\t\t\t\t\t<h4 class=\"elementor-heading-title elementor-size-default\">TRAVAILLONS ENSEMBLE!<\/h4>\t\t\t\t<\/div>\n\t\t\t\t<\/div>\n\t\t\t\t<div class=\"elementor-element elementor-element-7f4bf504 animated-slow elementor-invisible elementor-widget elementor-widget-heading\" data-id=\"7f4bf504\" data-element_type=\"widget\" data-settings=\"{&quot;_animation&quot;:&quot;fadeIn&quot;}\" data-widget_type=\"heading.default\">\n\t\t\t\t<div class=\"elementor-widget-container\">\n\t\t\t\t\t<h2 class=\"elementor-heading-title elementor-size-default\">NOS SERVICES<\/h2>\t\t\t\t<\/div>\n\t\t\t\t<\/div>\n\t\t\t\t<div class=\"elementor-element elementor-element-78649dce elementor-widget__width-inherit elementor-invisible elementor-widget elementor-widget-text-editor\" data-id=\"78649dce\" data-element_type=\"widget\" data-settings=\"{&quot;_animation&quot;:&quot;fadeIn&quot;,&quot;_animation_delay&quot;:200}\" data-widget_type=\"text-editor.default\">\n\t\t\t\t<div class=\"elementor-widget-container\">\n\t\t\t\t\t\t\t\t\t<p class=\"has-text-align-left\">Plasmagear offre une gamme compl\u00e8te de services, alliant pr\u00e9cision et cr\u00e9ativit\u00e9 pour donner vie aux id\u00e9es de produits. Nos services de prototypage transforment les concepts en prototypes concrets gr\u00e2ce aux technologies avanc\u00e9es de nano-filage et de rev\u00eatement plasma, garantissant des prototypes qui d\u00e9passent les sp\u00e9cifications de nos clients. Notre \u00e9quipe de recherche et d\u00e9veloppement stimule l\u2019innovation en explorant les technologies de modification de surface de pointe, afin de fournir des solutions sur mesure pour chaque projet.\u00a0<\/p>\n<p class=\"has-text-align-left\">Les services de fabrication de Plasmagear sont ax\u00e9s sur l\u2019efficacit\u00e9 et l\u2019\u00e9volutivit\u00e9, soutenant aussi bien les productions \u00e0 grande \u00e9chelle que les s\u00e9ries plus petites. Gr\u00e2ce \u00e0 des installations de pointe qui privil\u00e9gient la qualit\u00e9 et la pr\u00e9cision, nous garantissons que chaque produit final refl\u00e8te notre engagement envers l\u2019excellence.<\/p>\t\t\t\t\t\t\t\t<\/div>\n\t\t\t\t<\/div>\n\t\t\t\t<\/div>\n\t\t<div class=\"elementor-element elementor-element-63f21af2 e-con-full e-flex e-con e-parent\" data-id=\"63f21af2\" data-element_type=\"container\" data-settings=\"{&quot;background_background&quot;:&quot;gradient&quot;}\">\n\t\t<div class=\"elementor-element elementor-element-46a5c5c6 e-con-full e-flex e-con e-child\" data-id=\"46a5c5c6\" data-element_type=\"container\">\n\t\t<div class=\"elementor-element elementor-element-28dcd46a e-flex e-con-boxed e-con e-child\" data-id=\"28dcd46a\" data-element_type=\"container\">\n\t\t\t\t\t<div class=\"e-con-inner\">\n\t\t\t\t<div class=\"elementor-element elementor-element-4740488e animated-slow elementor-invisible elementor-widget elementor-widget-heading\" data-id=\"4740488e\" data-element_type=\"widget\" data-settings=\"{&quot;_animation&quot;:&quot;fadeIn&quot;}\" data-widget_type=\"heading.default\">\n\t\t\t\t<div class=\"elementor-widget-container\">\n\t\t\t\t\t<h2 class=\"elementor-heading-title elementor-size-default\">Recherche et D\u00e9veloppement<\/h2>\t\t\t\t<\/div>\n\t\t\t\t<\/div>\n\t\t\t\t<div class=\"elementor-element elementor-element-7bbd938f elementor-invisible elementor-widget elementor-widget-text-editor\" data-id=\"7bbd938f\" data-element_type=\"widget\" data-settings=\"{&quot;_animation&quot;:&quot;fadeIn&quot;,&quot;_animation_delay&quot;:200}\" data-widget_type=\"text-editor.default\">\n\t\t\t\t<div class=\"elementor-widget-container\">\n\t\t\t\t\t\t\t\t\t<p>Nos services de R&amp;D sont d\u00e9di\u00e9s au d\u00e9veloppement de solutions innovantes et sur mesure pour divers secteurs industriels. Nous sommes sp\u00e9cialis\u00e9s dans la production de nanofibres et le d\u00e9veloppement de mat\u00e9riaux avanc\u00e9s, en proposant des projets de recherche personnalis\u00e9s pour r\u00e9pondre \u00e0 des besoins sp\u00e9cifiques. Gr\u00e2ce \u00e0 des capacit\u00e9s de test et d\u2019analyse de pointe, nous garantissons une performance optimale des produits et offrons des opportunit\u00e9s de collaborations pour des avanc\u00e9es technologiques.<\/p>\n<h3>\u00a0<\/h3>\t\t\t\t\t\t\t\t<\/div>\n\t\t\t\t<\/div>\n\t\t\t\t<div class=\"elementor-element elementor-element-4d28770d elementor-widget-divider--view-line elementor-widget elementor-widget-divider\" data-id=\"4d28770d\" data-element_type=\"widget\" data-widget_type=\"divider.default\">\n\t\t\t\t<div class=\"elementor-widget-container\">\n\t\t\t\t\t\t\t<div class=\"elementor-divider\">\n\t\t\t<span class=\"elementor-divider-separator\">\n\t\t\t\t\t\t<\/span>\n\t\t<\/div>\n\t\t\t\t\t\t<\/div>\n\t\t\t\t<\/div>\n\t\t\t\t<div class=\"elementor-element elementor-element-5ae6ad92 elementor-align-left elementor-tablet-align-left elementor-mobile-align-center elementor-widget elementor-widget-button\" data-id=\"5ae6ad92\" data-element_type=\"widget\" data-widget_type=\"button.default\">\n\t\t\t\t<div class=\"elementor-widget-container\">\n\t\t\t\t\t\t\t\t\t<div class=\"elementor-button-wrapper\">\n\t\t\t\t\t<a class=\"elementor-button elementor-button-link elementor-size-sm elementor-animation-float\" href=\"https:\/\/plasmagear.ca\/fr\/research-and-development\/\">\n\t\t\t\t\t\t<span class=\"elementor-button-content-wrapper\">\n\t\t\t\t\t\t\t\t\t<span class=\"elementor-button-text\">En savoir plus \u27f6<\/span>\n\t\t\t\t\t<\/span>\n\t\t\t\t\t<\/a>\n\t\t\t\t<\/div>\n\t\t\t\t\t\t\t\t<\/div>\n\t\t\t\t<\/div>\n\t\t\t\t\t<\/div>\n\t\t\t\t<\/div>\n\t\t\t\t<\/div>\n\t\t<div class=\"elementor-element elementor-element-71b9aa3c e-con-full e-flex e-con e-child\" data-id=\"71b9aa3c\" data-element_type=\"container\">\n\t\t\t\t<div class=\"elementor-element elementor-element-351bc885 elementor-invisible elementor-widget elementor-widget-image\" data-id=\"351bc885\" data-element_type=\"widget\" data-settings=\"{&quot;motion_fx_motion_fx_scrolling&quot;:&quot;yes&quot;,&quot;motion_fx_translateY_effect&quot;:&quot;yes&quot;,&quot;motion_fx_translateY_direction&quot;:&quot;negative&quot;,&quot;motion_fx_translateY_speed&quot;:{&quot;unit&quot;:&quot;px&quot;,&quot;size&quot;:1.5,&quot;sizes&quot;:[]},&quot;_animation&quot;:&quot;slideInRight&quot;,&quot;motion_fx_translateY_affectedRange&quot;:{&quot;unit&quot;:&quot;%&quot;,&quot;size&quot;:&quot;&quot;,&quot;sizes&quot;:{&quot;start&quot;:0,&quot;end&quot;:100}},&quot;motion_fx_devices&quot;:[&quot;desktop&quot;,&quot;tablet&quot;,&quot;mobile&quot;]}\" data-widget_type=\"image.default\">\n\t\t\t\t<div class=\"elementor-widget-container\">\n\t\t\t\t\t\t\t\t\t\t\t\t\t\t\t<img loading=\"lazy\" decoding=\"async\" width=\"1\" height=\"1\" src=\"https:\/\/plasmagear.ca\/wp-content\/uploads\/2014\/08\/c38fccbd.jpeg\" class=\"attachment-large size-large wp-image-5485\" alt=\"\" \/>\t\t\t\t\t\t\t\t\t\t\t\t\t\t\t<\/div>\n\t\t\t\t<\/div>\n\t\t\t\t<\/div>\n\t\t\t\t<\/div>\n\t\t<div class=\"elementor-element elementor-element-35bf2723 e-con-full e-flex e-con e-parent\" data-id=\"35bf2723\" data-element_type=\"container\" data-settings=\"{&quot;background_background&quot;:&quot;gradient&quot;}\">\n\t\t<div class=\"elementor-element elementor-element-6aa7f27e e-con-full e-flex e-con e-child\" data-id=\"6aa7f27e\" data-element_type=\"container\">\n\t\t\t\t<div class=\"elementor-element elementor-element-2698f07c elementor-invisible elementor-widget elementor-widget-image\" data-id=\"2698f07c\" data-element_type=\"widget\" data-settings=\"{&quot;motion_fx_motion_fx_scrolling&quot;:&quot;yes&quot;,&quot;motion_fx_translateY_effect&quot;:&quot;yes&quot;,&quot;motion_fx_translateY_direction&quot;:&quot;negative&quot;,&quot;motion_fx_translateY_speed&quot;:{&quot;unit&quot;:&quot;px&quot;,&quot;size&quot;:1.5,&quot;sizes&quot;:[]},&quot;_animation&quot;:&quot;slideInLeft&quot;,&quot;motion_fx_translateY_affectedRange&quot;:{&quot;unit&quot;:&quot;%&quot;,&quot;size&quot;:&quot;&quot;,&quot;sizes&quot;:{&quot;start&quot;:0,&quot;end&quot;:100}},&quot;motion_fx_devices&quot;:[&quot;desktop&quot;,&quot;tablet&quot;,&quot;mobile&quot;]}\" data-widget_type=\"image.default\">\n\t\t\t\t<div class=\"elementor-widget-container\">\n\t\t\t\t\t\t\t\t\t\t\t\t\t\t\t<img loading=\"lazy\" decoding=\"async\" width=\"930\" height=\"524\" src=\"https:\/\/plasmagear.ca\/wp-content\/uploads\/2025\/01\/AdobeStock_1148832704-1024x577.jpeg\" class=\"attachment-large size-large wp-image-8272\" alt=\"\" srcset=\"https:\/\/plasmagear.ca\/wp-content\/uploads\/2025\/01\/AdobeStock_1148832704-1024x577.jpeg 1024w, https:\/\/plasmagear.ca\/wp-content\/uploads\/2025\/01\/AdobeStock_1148832704-300x169.jpeg 300w, https:\/\/plasmagear.ca\/wp-content\/uploads\/2025\/01\/AdobeStock_1148832704-768x432.jpeg 768w, https:\/\/plasmagear.ca\/wp-content\/uploads\/2025\/01\/AdobeStock_1148832704-1536x865.jpeg 1536w, https:\/\/plasmagear.ca\/wp-content\/uploads\/2025\/01\/AdobeStock_1148832704-2048x1153.jpeg 2048w, https:\/\/plasmagear.ca\/wp-content\/uploads\/2025\/01\/AdobeStock_1148832704-18x10.jpeg 18w, https:\/\/plasmagear.ca\/wp-content\/uploads\/2025\/01\/AdobeStock_1148832704-2000x1126.jpeg 2000w, https:\/\/plasmagear.ca\/wp-content\/uploads\/2025\/01\/AdobeStock_1148832704-1000x563.jpeg 1000w, https:\/\/plasmagear.ca\/wp-content\/uploads\/2025\/01\/AdobeStock_1148832704-1800x1013.jpeg 1800w, https:\/\/plasmagear.ca\/wp-content\/uploads\/2025\/01\/AdobeStock_1148832704-995x560.jpeg 995w, https:\/\/plasmagear.ca\/wp-content\/uploads\/2025\/01\/AdobeStock_1148832704-600x338.jpeg 600w\" sizes=\"auto, (max-width: 930px) 100vw, 930px\" \/>\t\t\t\t\t\t\t\t\t\t\t\t\t\t\t<\/div>\n\t\t\t\t<\/div>\n\t\t\t\t<\/div>\n\t\t<div class=\"elementor-element elementor-element-2cbeaf39 e-con-full e-flex e-con e-child\" data-id=\"2cbeaf39\" data-element_type=\"container\">\n\t\t<div class=\"elementor-element elementor-element-718f5e38 e-flex e-con-boxed e-con e-child\" data-id=\"718f5e38\" data-element_type=\"container\">\n\t\t\t\t\t<div class=\"e-con-inner\">\n\t\t\t\t<div class=\"elementor-element elementor-element-13feef4 animated-slow elementor-invisible elementor-widget elementor-widget-heading\" data-id=\"13feef4\" data-element_type=\"widget\" data-settings=\"{&quot;_animation&quot;:&quot;fadeIn&quot;}\" data-widget_type=\"heading.default\">\n\t\t\t\t<div class=\"elementor-widget-container\">\n\t\t\t\t\t<h2 class=\"elementor-heading-title elementor-size-default\">Fabrication<\/h2>\t\t\t\t<\/div>\n\t\t\t\t<\/div>\n\t\t\t\t<div class=\"elementor-element elementor-element-1c01dea3 elementor-invisible elementor-widget elementor-widget-text-editor\" data-id=\"1c01dea3\" data-element_type=\"widget\" data-settings=\"{&quot;_animation&quot;:&quot;fadeIn&quot;,&quot;_animation_delay&quot;:200}\" data-widget_type=\"text-editor.default\">\n\t\t\t\t<div class=\"elementor-widget-container\">\n\t\t\t\t\t\t\t\t\t<div class=\"flex max-w-full flex-col flex-grow\">\n<div class=\"min-h-8 text-message flex w-full flex-col items-end gap-2 whitespace-normal break-words text-start [.text-message+&amp;]:mt-5\" dir=\"auto\" data-message-author-role=\"assistant\" data-message-id=\"c97310bc-c19d-4a7f-98b3-52ed8468ac10\" data-message-model-slug=\"gpt-4o\">\n<div class=\"flex w-full flex-col gap-1 empty:hidden first:pt-[3px]\">\n<div class=\"markdown prose w-full break-words dark:prose-invert light\">\n<p>Nos services de fabrication garantissent une production de haute qualit\u00e9, alliant efficacit\u00e9 et \u00e9volutivit\u00e9. Experts en production de rouleaux de nanofibres et de textiles avanc\u00e9s, nous utilisons des technologies de pointe telles que le traitement plasma. Nos produits incluent des textiles imperm\u00e9ables et ignifuges, ainsi que des rouleaux de filtres HVAC \u00e0 base de nanofibres. Engag\u00e9s dans des pratiques durables, nous offrons des solutions de fabrication fiables et innovantes.<\/p>\n<\/div>\n<\/div>\n<\/div>\n<\/div>\t\t\t\t\t\t\t\t<\/div>\n\t\t\t\t<\/div>\n\t\t\t\t<div class=\"elementor-element elementor-element-c3eba81 elementor-widget-divider--view-line elementor-widget elementor-widget-divider\" data-id=\"c3eba81\" data-element_type=\"widget\" data-widget_type=\"divider.default\">\n\t\t\t\t<div class=\"elementor-widget-container\">\n\t\t\t\t\t\t\t<div class=\"elementor-divider\">\n\t\t\t<span class=\"elementor-divider-separator\">\n\t\t\t\t\t\t<\/span>\n\t\t<\/div>\n\t\t\t\t\t\t<\/div>\n\t\t\t\t<\/div>\n\t\t\t\t<div class=\"elementor-element elementor-element-11e73b4b elementor-align-left elementor-tablet-align-left elementor-mobile-align-center elementor-widget elementor-widget-button\" data-id=\"11e73b4b\" data-element_type=\"widget\" data-widget_type=\"button.default\">\n\t\t\t\t<div class=\"elementor-widget-container\">\n\t\t\t\t\t\t\t\t\t<div class=\"elementor-button-wrapper\">\n\t\t\t\t\t<a class=\"elementor-button elementor-button-link elementor-size-sm elementor-animation-float\" href=\"https:\/\/plasmagear.ca\/fr\/manufacturing\/\">\n\t\t\t\t\t\t<span class=\"elementor-button-content-wrapper\">\n\t\t\t\t\t\t\t\t\t<span class=\"elementor-button-text\">En savoir plus \u27f6<\/span>\n\t\t\t\t\t<\/span>\n\t\t\t\t\t<\/a>\n\t\t\t\t<\/div>\n\t\t\t\t\t\t\t\t<\/div>\n\t\t\t\t<\/div>\n\t\t\t\t\t<\/div>\n\t\t\t\t<\/div>\n\t\t\t\t<\/div>\n\t\t\t\t<\/div>\n\t\t\t\t<\/div>","protected":false},"excerpt":{"rendered":"<p>LET&#8217;S WORK TOGETHER! OUR SERVICES Plasmagear offers a comprehensive range of services, combining precision and creativity to bring product ideas to life. Our prototyping services transform concepts into tangible prototypes using advanced nano-spinning and plasma coating technologies, ensuring prototypes exceed client specifications. Our research and development team drives innovation by exploring cutting-edge surface modification technologies, delivering tailored solutions for each project.\u00a0 Plasmagear\u2019s manufacturing services focus on efficiency and scalability, supporting both large-scale and smaller production [&hellip;]<\/p>","protected":false},"author":1,"featured_media":0,"parent":0,"menu_order":0,"comment_status":"closed","ping_status":"closed","template":"elementor_header_footer","meta":{"footnotes":""},"class_list":["post-6645","page","type-page","status-publish","hentry"],"yoast_head":"<!-- This site is optimized with the Yoast SEO plugin v24.5 - https:\/\/yoast.com\/wordpress\/plugins\/seo\/ -->\n<title>Services - plasmagear<\/title>\n<meta name=\"robots\" content=\"index, follow, max-snippet:-1, max-image-preview:large, max-video-preview:-1\" \/>\n<link rel=\"canonical\" href=\"https:\/\/plasmagear.ca\/fr\/services\/\" \/>\n<meta property=\"og:locale\" content=\"fr_FR\" \/>\n<meta property=\"og:type\" content=\"article\" \/>\n<meta property=\"og:title\" content=\"Services - plasmagear\" \/>\n<meta property=\"og:description\" content=\"LET&#8217;S WORK TOGETHER! OUR SERVICES Plasmagear offers a comprehensive range of services, combining precision and creativity to bring product ideas to life. Our prototyping services transform concepts into tangible prototypes using advanced nano-spinning and plasma coating technologies, ensuring prototypes exceed client specifications. Our research and development team drives innovation by exploring cutting-edge surface modification technologies, delivering tailored solutions for each project.\u00a0 Plasmagear\u2019s manufacturing services focus on efficiency and scalability, supporting both large-scale and smaller production [&hellip;]\" \/>\n<meta property=\"og:url\" content=\"https:\/\/plasmagear.ca\/fr\/services\/\" \/>\n<meta property=\"og:site_name\" content=\"plasmagear\" \/>\n<meta property=\"article:modified_time\" content=\"2025-01-14T22:14:05+00:00\" \/>\n<meta property=\"og:image\" content=\"https:\/\/plasmagear.ca\/wp-content\/uploads\/2014\/08\/c38fccbd.jpeg\" \/>\n\t<meta property=\"og:image:width\" content=\"1\" \/>\n\t<meta property=\"og:image:height\" content=\"1\" \/>\n\t<meta property=\"og:image:type\" content=\"image\/jpeg\" \/>\n<meta name=\"twitter:card\" content=\"summary_large_image\" \/>\n<meta name=\"twitter:label1\" content=\"Dur\u00e9e de lecture estim\u00e9e\" \/>\n\t<meta name=\"twitter:data1\" content=\"2 minutes\" \/>\n<script type=\"application\/ld+json\" class=\"yoast-schema-graph\">{\"@context\":\"https:\/\/schema.org\",\"@graph\":[{\"@type\":\"WebPage\",\"@id\":\"https:\/\/plasmagear.ca\/services\/\",\"url\":\"https:\/\/plasmagear.ca\/services\/\",\"name\":\"Services - plasmagear\",\"isPartOf\":{\"@id\":\"https:\/\/plasmagear.ca\/#website\"},\"primaryImageOfPage\":{\"@id\":\"https:\/\/plasmagear.ca\/services\/#primaryimage\"},\"image\":{\"@id\":\"https:\/\/plasmagear.ca\/services\/#primaryimage\"},\"thumbnailUrl\":\"https:\/\/plasmagear.ca\/wp-content\/uploads\/2014\/08\/c38fccbd.jpeg\",\"datePublished\":\"2024-11-14T16:51:01+00:00\",\"dateModified\":\"2025-01-14T22:14:05+00:00\",\"breadcrumb\":{\"@id\":\"https:\/\/plasmagear.ca\/services\/#breadcrumb\"},\"inLanguage\":\"fr-FR\",\"potentialAction\":[{\"@type\":\"ReadAction\",\"target\":[\"https:\/\/plasmagear.ca\/services\/\"]}]},{\"@type\":\"ImageObject\",\"inLanguage\":\"fr-FR\",\"@id\":\"https:\/\/plasmagear.ca\/services\/#primaryimage\",\"url\":\"https:\/\/plasmagear.ca\/wp-content\/uploads\/2014\/08\/c38fccbd.jpeg\",\"contentUrl\":\"https:\/\/plasmagear.ca\/wp-content\/uploads\/2014\/08\/c38fccbd.jpeg\"},{\"@type\":\"BreadcrumbList\",\"@id\":\"https:\/\/plasmagear.ca\/services\/#breadcrumb\",\"itemListElement\":[{\"@type\":\"ListItem\",\"position\":1,\"name\":\"Home\",\"item\":\"https:\/\/plasmagear.ca\/\"},{\"@type\":\"ListItem\",\"position\":2,\"name\":\"Services\"}]},{\"@type\":\"WebSite\",\"@id\":\"https:\/\/plasmagear.ca\/#website\",\"url\":\"https:\/\/plasmagear.ca\/\",\"name\":\"www.plasmagear.ca\",\"description\":\"\",\"publisher\":{\"@id\":\"https:\/\/plasmagear.ca\/#organization\"},\"potentialAction\":[{\"@type\":\"SearchAction\",\"target\":{\"@type\":\"EntryPoint\",\"urlTemplate\":\"https:\/\/plasmagear.ca\/?s={search_term_string}\"},\"query-input\":{\"@type\":\"PropertyValueSpecification\",\"valueRequired\":true,\"valueName\":\"search_term_string\"}}],\"inLanguage\":\"fr-FR\"},{\"@type\":\"Organization\",\"@id\":\"https:\/\/plasmagear.ca\/#organization\",\"name\":\"Plasmagear\",\"url\":\"https:\/\/plasmagear.ca\/\",\"logo\":{\"@type\":\"ImageObject\",\"inLanguage\":\"fr-FR\",\"@id\":\"https:\/\/plasmagear.ca\/#\/schema\/logo\/image\/\",\"url\":\"https:\/\/plasmagear.ca\/wp-content\/uploads\/2024\/11\/cropped-Logo-4.png\",\"contentUrl\":\"https:\/\/plasmagear.ca\/wp-content\/uploads\/2024\/11\/cropped-Logo-4.png\",\"width\":1761,\"height\":1243,\"caption\":\"Plasmagear\"},\"image\":{\"@id\":\"https:\/\/plasmagear.ca\/#\/schema\/logo\/image\/\"}}]}<\/script>\n<!-- \/ Yoast SEO plugin. -->","yoast_head_json":{"title":"Services - plasmagear","robots":{"index":"index","follow":"follow","max-snippet":"max-snippet:-1","max-image-preview":"max-image-preview:large","max-video-preview":"max-video-preview:-1"},"canonical":"https:\/\/plasmagear.ca\/fr\/services\/","og_locale":"fr_FR","og_type":"article","og_title":"Services - plasmagear","og_description":"LET&#8217;S WORK TOGETHER! OUR SERVICES Plasmagear offers a comprehensive range of services, combining precision and creativity to bring product ideas to life. Our prototyping services transform concepts into tangible prototypes using advanced nano-spinning and plasma coating technologies, ensuring prototypes exceed client specifications. Our research and development team drives innovation by exploring cutting-edge surface modification technologies, delivering tailored solutions for each project.\u00a0 Plasmagear\u2019s manufacturing services focus on efficiency and scalability, supporting both large-scale and smaller production [&hellip;]","og_url":"https:\/\/plasmagear.ca\/fr\/services\/","og_site_name":"plasmagear","article_modified_time":"2025-01-14T22:14:05+00:00","og_image":[{"url":"https:\/\/plasmagear.ca\/wp-content\/uploads\/2014\/08\/c38fccbd.jpeg","width":1,"height":1,"type":"image\/jpeg"}],"twitter_card":"summary_large_image","twitter_misc":{"Dur\u00e9e de lecture estim\u00e9e":"2 minutes"},"schema":{"@context":"https:\/\/schema.org","@graph":[{"@type":"WebPage","@id":"https:\/\/plasmagear.ca\/services\/","url":"https:\/\/plasmagear.ca\/services\/","name":"Services - plasmagear","isPartOf":{"@id":"https:\/\/plasmagear.ca\/#website"},"primaryImageOfPage":{"@id":"https:\/\/plasmagear.ca\/services\/#primaryimage"},"image":{"@id":"https:\/\/plasmagear.ca\/services\/#primaryimage"},"thumbnailUrl":"https:\/\/plasmagear.ca\/wp-content\/uploads\/2014\/08\/c38fccbd.jpeg","datePublished":"2024-11-14T16:51:01+00:00","dateModified":"2025-01-14T22:14:05+00:00","breadcrumb":{"@id":"https:\/\/plasmagear.ca\/services\/#breadcrumb"},"inLanguage":"fr-FR","potentialAction":[{"@type":"ReadAction","target":["https:\/\/plasmagear.ca\/services\/"]}]},{"@type":"ImageObject","inLanguage":"fr-FR","@id":"https:\/\/plasmagear.ca\/services\/#primaryimage","url":"https:\/\/plasmagear.ca\/wp-content\/uploads\/2014\/08\/c38fccbd.jpeg","contentUrl":"https:\/\/plasmagear.ca\/wp-content\/uploads\/2014\/08\/c38fccbd.jpeg"},{"@type":"BreadcrumbList","@id":"https:\/\/plasmagear.ca\/services\/#breadcrumb","itemListElement":[{"@type":"ListItem","position":1,"name":"Home","item":"https:\/\/plasmagear.ca\/"},{"@type":"ListItem","position":2,"name":"Services"}]},{"@type":"WebSite","@id":"https:\/\/plasmagear.ca\/#website","url":"https:\/\/plasmagear.ca\/","name":"www.plasmagear.ca","description":"","publisher":{"@id":"https:\/\/plasmagear.ca\/#organization"},"potentialAction":[{"@type":"SearchAction","target":{"@type":"EntryPoint","urlTemplate":"https:\/\/plasmagear.ca\/?s={search_term_string}"},"query-input":{"@type":"PropertyValueSpecification","valueRequired":true,"valueName":"search_term_string"}}],"inLanguage":"fr-FR"},{"@type":"Organization","@id":"https:\/\/plasmagear.ca\/#organization","name":"Plasmagear","url":"https:\/\/plasmagear.ca\/","logo":{"@type":"ImageObject","inLanguage":"fr-FR","@id":"https:\/\/plasmagear.ca\/#\/schema\/logo\/image\/","url":"https:\/\/plasmagear.ca\/wp-content\/uploads\/2024\/11\/cropped-Logo-4.png","contentUrl":"https:\/\/plasmagear.ca\/wp-content\/uploads\/2024\/11\/cropped-Logo-4.png","width":1761,"height":1243,"caption":"Plasmagear"},"image":{"@id":"https:\/\/plasmagear.ca\/#\/schema\/logo\/image\/"}}]}},"_links":{"self":[{"href":"https:\/\/plasmagear.ca\/fr\/wp-json\/wp\/v2\/pages\/6645","targetHints":{"allow":["GET"]}}],"collection":[{"href":"https:\/\/plasmagear.ca\/fr\/wp-json\/wp\/v2\/pages"}],"about":[{"href":"https:\/\/plasmagear.ca\/fr\/wp-json\/wp\/v2\/types\/page"}],"author":[{"embeddable":true,"href":"https:\/\/plasmagear.ca\/fr\/wp-json\/wp\/v2\/users\/1"}],"replies":[{"embeddable":true,"href":"https:\/\/plasmagear.ca\/fr\/wp-json\/wp\/v2\/comments?post=6645"}],"version-history":[{"count":27,"href":"https:\/\/plasmagear.ca\/fr\/wp-json\/wp\/v2\/pages\/6645\/revisions"}],"predecessor-version":[{"id":8275,"href":"https:\/\/plasmagear.ca\/fr\/wp-json\/wp\/v2\/pages\/6645\/revisions\/8275"}],"wp:attachment":[{"href":"https:\/\/plasmagear.ca\/fr\/wp-json\/wp\/v2\/media?parent=6645"}],"curies":[{"name":"wp","href":"https:\/\/api.w.org\/{rel}","templated":true}]}}