{"id":6648,"date":"2024-11-14T16:51:14","date_gmt":"2024-11-14T16:51:14","guid":{"rendered":"https:\/\/plasmagear.ca\/markets\/"},"modified":"2025-06-02T22:00:37","modified_gmt":"2025-06-02T22:00:37","slug":"products","status":"publish","type":"page","link":"https:\/\/plasmagear.ca\/fr\/products\/","title":{"rendered":"Produits"},"content":{"rendered":"<div data-elementor-type=\"wp-page\" data-elementor-id=\"6648\" class=\"elementor elementor-6648\" data-elementor-post-type=\"page\">\n\t\t\t\t<div class=\"elementor-element elementor-element-3e0ad058 e-flex e-con-boxed e-con e-parent\" data-id=\"3e0ad058\" data-element_type=\"container\">\n\t\t\t\t\t<div class=\"e-con-inner\">\n\t\t\t\t\t<\/div>\n\t\t\t\t<\/div>\n\t\t<div class=\"elementor-element elementor-element-5b3f3812 e-con-full e-flex e-con e-parent\" data-id=\"5b3f3812\" data-element_type=\"container\" data-settings=\"{&quot;background_background&quot;:&quot;gradient&quot;}\">\n\t\t<div class=\"elementor-element elementor-element-62c36239 e-con-full e-flex e-con e-child\" data-id=\"62c36239\" data-element_type=\"container\">\n\t\t\t\t<div class=\"elementor-element elementor-element-72eb76f3 elementor-invisible elementor-widget elementor-widget-image\" data-id=\"72eb76f3\" data-element_type=\"widget\" data-settings=\"{&quot;motion_fx_motion_fx_scrolling&quot;:&quot;yes&quot;,&quot;motion_fx_translateY_effect&quot;:&quot;yes&quot;,&quot;motion_fx_translateY_direction&quot;:&quot;negative&quot;,&quot;motion_fx_translateY_speed&quot;:{&quot;unit&quot;:&quot;px&quot;,&quot;size&quot;:1.5,&quot;sizes&quot;:[]},&quot;_animation&quot;:&quot;slideInLeft&quot;,&quot;motion_fx_translateY_affectedRange&quot;:{&quot;unit&quot;:&quot;%&quot;,&quot;size&quot;:&quot;&quot;,&quot;sizes&quot;:{&quot;start&quot;:0,&quot;end&quot;:100}},&quot;motion_fx_devices&quot;:[&quot;desktop&quot;,&quot;tablet&quot;,&quot;mobile&quot;]}\" data-widget_type=\"image.default\">\n\t\t\t\t<div class=\"elementor-widget-container\">\n\t\t\t\t\t\t\t\t\t\t\t\t\t\t\t<img loading=\"lazy\" decoding=\"async\" width=\"930\" height=\"930\" src=\"https:\/\/plasmagear.ca\/wp-content\/uploads\/2025\/01\/AdobeStock_323829465-1-1024x1024.jpeg\" class=\"attachment-large size-large wp-image-8560\" alt=\"\" srcset=\"https:\/\/plasmagear.ca\/wp-content\/uploads\/2025\/01\/AdobeStock_323829465-1-1024x1024.jpeg 1024w, https:\/\/plasmagear.ca\/wp-content\/uploads\/2025\/01\/AdobeStock_323829465-1-300x300.jpeg 300w, https:\/\/plasmagear.ca\/wp-content\/uploads\/2025\/01\/AdobeStock_323829465-1-150x150.jpeg 150w, https:\/\/plasmagear.ca\/wp-content\/uploads\/2025\/01\/AdobeStock_323829465-1-768x768.jpeg 768w, https:\/\/plasmagear.ca\/wp-content\/uploads\/2025\/01\/AdobeStock_323829465-1-1536x1536.jpeg 1536w, https:\/\/plasmagear.ca\/wp-content\/uploads\/2025\/01\/AdobeStock_323829465-1-2048x2048.jpeg 2048w, https:\/\/plasmagear.ca\/wp-content\/uploads\/2025\/01\/AdobeStock_323829465-1-12x12.jpeg 12w, https:\/\/plasmagear.ca\/wp-content\/uploads\/2025\/01\/AdobeStock_323829465-1-2000x2000.jpeg 2000w, https:\/\/plasmagear.ca\/wp-content\/uploads\/2025\/01\/AdobeStock_323829465-1-1000x1000.jpeg 1000w, https:\/\/plasmagear.ca\/wp-content\/uploads\/2025\/01\/AdobeStock_323829465-1-280x280.jpeg 280w, https:\/\/plasmagear.ca\/wp-content\/uploads\/2025\/01\/AdobeStock_323829465-1-1800x1800.jpeg 1800w, https:\/\/plasmagear.ca\/wp-content\/uploads\/2025\/01\/AdobeStock_323829465-1-560x560.jpeg 560w, https:\/\/plasmagear.ca\/wp-content\/uploads\/2025\/01\/AdobeStock_323829465-1-600x600.jpeg 600w, https:\/\/plasmagear.ca\/wp-content\/uploads\/2025\/01\/AdobeStock_323829465-1-800x800.jpeg 800w\" sizes=\"auto, (max-width: 930px) 100vw, 930px\" \/>\t\t\t\t\t\t\t\t\t\t\t\t\t\t\t<\/div>\n\t\t\t\t<\/div>\n\t\t\t\t<\/div>\n\t\t<div class=\"elementor-element elementor-element-67b022e2 e-con-full e-flex e-con e-child\" data-id=\"67b022e2\" data-element_type=\"container\">\n\t\t<div class=\"elementor-element elementor-element-676f6243 e-flex e-con-boxed e-con e-child\" data-id=\"676f6243\" data-element_type=\"container\">\n\t\t\t\t\t<div class=\"e-con-inner\">\n\t\t\t\t<div class=\"elementor-element elementor-element-1feef213 animated-slow elementor-invisible elementor-widget elementor-widget-heading\" data-id=\"1feef213\" data-element_type=\"widget\" data-settings=\"{&quot;_animation&quot;:&quot;fadeIn&quot;}\" data-widget_type=\"heading.default\">\n\t\t\t\t<div class=\"elementor-widget-container\">\n\t\t\t\t\t<h1 class=\"elementor-heading-title elementor-size-default\"><h2 class=\"elementor-heading-title elementor-size-default elementor-inline-editing pen\" data-elementor-setting-key=\"title\" data-pen-placeholder=\"Type Here...\" style=\"font-weight: 600;font-family: Montserrat, sans-serif;line-height: 1;font-size: 53px;letter-spacing: normal;text-align: center;text-transform: none\">Domaines d'application<span style=\"font-family: Inter, sans-serif;font-size: 58px;font-weight: 500;letter-spacing: -1px;text-transform: capitalize;text-align: var(--text-align);background-color: transparent\"><\/span><\/h2><\/h1>\t\t\t\t<\/div>\n\t\t\t\t<\/div>\n\t\t\t\t<div class=\"elementor-element elementor-element-5351b924 elementor-invisible elementor-widget elementor-widget-text-editor\" data-id=\"5351b924\" data-element_type=\"widget\" data-settings=\"{&quot;_animation&quot;:&quot;fadeIn&quot;,&quot;_animation_delay&quot;:200}\" data-widget_type=\"text-editor.default\">\n\t\t\t\t<div class=\"elementor-widget-container\">\n\t\t\t\t\t\t\t\t\t<p><span style=\"font-family: Montserrat, sans-serif; font-size: 15px;\">Notre entreprise op\u00e8re dans plusieurs industries, en proposant des solutions innovantes dans les domaines de la filtration, du textile, des cosm\u00e9tiques et des applications m\u00e9dicales. Nous sommes sp\u00e9cialis\u00e9s dans les technologies avanc\u00e9es, telles que la production de nanofibres pour des filtres haute performance, les textiles trait\u00e9s au plasma offrant des propri\u00e9t\u00e9s imperm\u00e9ables et ignifuges, ainsi que la recherche et le d\u00e9veloppement de pointe pour les produits cosm\u00e9tiques et m\u00e9dicaux. Notre expertise garantit des solutions sur mesure r\u00e9pondant aux normes les plus \u00e9lev\u00e9es de l'industrie et aux besoins sp\u00e9cifiques de nos clients.<\/span><\/p>\t\t\t\t\t\t\t\t<\/div>\n\t\t\t\t<\/div>\n\t\t\t\t\t<\/div>\n\t\t\t\t<\/div>\n\t\t\t\t<\/div>\n\t\t\t\t<\/div>\n\t\t<div class=\"elementor-element elementor-element-140af38a e-flex e-con-boxed elementor-invisible e-con e-parent\" data-id=\"140af38a\" data-element_type=\"container\" data-settings=\"{&quot;animation&quot;:&quot;fadeInUp&quot;}\">\n\t\t\t\t\t<div class=\"e-con-inner\">\n\t\t<div class=\"elementor-element elementor-element-c54f6f e-con-full e-flex e-con e-child\" data-id=\"c54f6f\" data-element_type=\"container\" data-settings=\"{&quot;background_background&quot;:&quot;classic&quot;}\">\n\t\t\t\t<div class=\"elementor-element elementor-element-19d8e7b2 elementor-align-left elementor-tablet-align-left elementor-mobile-align-center elementor-widget elementor-widget-button\" data-id=\"19d8e7b2\" data-element_type=\"widget\" data-widget_type=\"button.default\">\n\t\t\t\t<div class=\"elementor-widget-container\">\n\t\t\t\t\t\t\t\t\t<div class=\"elementor-button-wrapper\">\n\t\t\t\t\t<a class=\"elementor-button elementor-button-link elementor-size-sm elementor-animation-float\" href=\"https:\/\/plasmagear.ca\/fr\/filtration\/\">\n\t\t\t\t\t\t<span class=\"elementor-button-content-wrapper\">\n\t\t\t\t\t\t\t\t\t<span class=\"elementor-button-text\">Filtration<\/span>\n\t\t\t\t\t<\/span>\n\t\t\t\t\t<\/a>\n\t\t\t\t<\/div>\n\t\t\t\t\t\t\t\t<\/div>\n\t\t\t\t<\/div>\n\t\t\t\t<div class=\"elementor-element elementor-element-371937b elementor-widget__width-inherit elementor-invisible elementor-widget elementor-widget-text-editor\" data-id=\"371937b\" data-element_type=\"widget\" data-settings=\"{&quot;_animation&quot;:&quot;fadeIn&quot;,&quot;_animation_delay&quot;:200}\" data-widget_type=\"text-editor.default\">\n\t\t\t\t<div class=\"elementor-widget-container\">\n\t\t\t\t\t\t\t\t\t<p>\u00a0<\/p>\n<p>Filtres en nanofibres haute efficacit\u00e9 avec des classifications MERV et une performance de grade H14.<\/p>\t\t\t\t\t\t\t\t<\/div>\n\t\t\t\t<\/div>\n\t\t\t\t<\/div>\n\t\t<div class=\"elementor-element elementor-element-2a5669d4 e-con-full e-flex e-con e-child\" data-id=\"2a5669d4\" data-element_type=\"container\" data-settings=\"{&quot;background_background&quot;:&quot;classic&quot;}\">\n\t\t\t\t<div class=\"elementor-element elementor-element-63a26cda elementor-align-left elementor-tablet-align-left elementor-mobile-align-center elementor-widget elementor-widget-button\" data-id=\"63a26cda\" data-element_type=\"widget\" data-widget_type=\"button.default\">\n\t\t\t\t<div class=\"elementor-widget-container\">\n\t\t\t\t\t\t\t\t\t<div class=\"elementor-button-wrapper\">\n\t\t\t\t\t<a class=\"elementor-button elementor-button-link elementor-size-sm elementor-animation-float\" href=\"https:\/\/plasmagear.ca\/fr\/textile\/\">\n\t\t\t\t\t\t<span class=\"elementor-button-content-wrapper\">\n\t\t\t\t\t\t\t\t\t<span class=\"elementor-button-text\">Textile<\/span>\n\t\t\t\t\t<\/span>\n\t\t\t\t\t<\/a>\n\t\t\t\t<\/div>\n\t\t\t\t\t\t\t\t<\/div>\n\t\t\t\t<\/div>\n\t\t\t\t<div class=\"elementor-element elementor-element-3ab98ae elementor-invisible elementor-widget elementor-widget-text-editor\" data-id=\"3ab98ae\" data-element_type=\"widget\" data-settings=\"{&quot;_animation&quot;:&quot;fadeIn&quot;,&quot;_animation_delay&quot;:200}\" data-widget_type=\"text-editor.default\">\n\t\t\t\t<div class=\"elementor-widget-container\">\n\t\t\t\t\t\t\t\t\t<p>\u00a0<\/p>\n<p>Textiles trait\u00e9s au plasma, sans PFAS, imperm\u00e9ables et ignifuges, disponibles en rouleaux.<\/p>\t\t\t\t\t\t\t\t<\/div>\n\t\t\t\t<\/div>\n\t\t\t\t<\/div>\n\t\t<div class=\"elementor-element elementor-element-23645b57 e-con-full e-flex e-con e-child\" data-id=\"23645b57\" data-element_type=\"container\" data-settings=\"{&quot;background_background&quot;:&quot;classic&quot;}\">\n\t\t\t\t<div class=\"elementor-element elementor-element-1f193502 elementor-align-left elementor-tablet-align-left elementor-mobile-align-center elementor-widget elementor-widget-button\" data-id=\"1f193502\" data-element_type=\"widget\" data-widget_type=\"button.default\">\n\t\t\t\t<div class=\"elementor-widget-container\">\n\t\t\t\t\t\t\t\t\t<div class=\"elementor-button-wrapper\">\n\t\t\t\t\t<a class=\"elementor-button elementor-button-link elementor-size-sm elementor-animation-float\" href=\"https:\/\/plasmagear.ca\/fr\/cosmetic\/\">\n\t\t\t\t\t\t<span class=\"elementor-button-content-wrapper\">\n\t\t\t\t\t\t\t\t\t<span class=\"elementor-button-text\">Cosm\u00e9tique<\/span>\n\t\t\t\t\t<\/span>\n\t\t\t\t\t<\/a>\n\t\t\t\t<\/div>\n\t\t\t\t\t\t\t\t<\/div>\n\t\t\t\t<\/div>\n\t\t\t\t<div class=\"elementor-element elementor-element-b19f175 elementor-widget__width-inherit elementor-invisible elementor-widget elementor-widget-text-editor\" data-id=\"b19f175\" data-element_type=\"widget\" data-settings=\"{&quot;_animation&quot;:&quot;fadeIn&quot;,&quot;_animation_delay&quot;:200}\" data-widget_type=\"text-editor.default\">\n\t\t\t\t<div class=\"elementor-widget-container\">\n\t\t\t\t\t\t\t\t\t<p>\u00a0<\/p>\n<p>Services de R&amp;D et de production pour des produits cosm\u00e9tiques innovants.<\/p>\t\t\t\t\t\t\t\t<\/div>\n\t\t\t\t<\/div>\n\t\t\t\t<\/div>\n\t\t<div class=\"elementor-element elementor-element-49101ea6 e-con-full e-flex e-con e-child\" data-id=\"49101ea6\" data-element_type=\"container\" data-settings=\"{&quot;background_background&quot;:&quot;classic&quot;}\">\n\t\t\t\t<div class=\"elementor-element elementor-element-4bc3dcd4 elementor-align-left elementor-tablet-align-left elementor-mobile-align-center elementor-widget elementor-widget-button\" data-id=\"4bc3dcd4\" data-element_type=\"widget\" data-widget_type=\"button.default\">\n\t\t\t\t<div class=\"elementor-widget-container\">\n\t\t\t\t\t\t\t\t\t<div class=\"elementor-button-wrapper\">\n\t\t\t\t\t<a class=\"elementor-button elementor-button-link elementor-size-sm elementor-animation-float\" href=\"https:\/\/plasmagear.ca\/fr\/medical\/\">\n\t\t\t\t\t\t<span class=\"elementor-button-content-wrapper\">\n\t\t\t\t\t\t\t\t\t<span class=\"elementor-button-text\">Biom\u00e9dical<\/span>\n\t\t\t\t\t<\/span>\n\t\t\t\t\t<\/a>\n\t\t\t\t<\/div>\n\t\t\t\t\t\t\t\t<\/div>\n\t\t\t\t<\/div>\n\t\t\t\t<div class=\"elementor-element elementor-element-9abef9d elementor-widget__width-inherit elementor-invisible elementor-widget elementor-widget-text-editor\" data-id=\"9abef9d\" data-element_type=\"widget\" data-settings=\"{&quot;_animation&quot;:&quot;fadeIn&quot;,&quot;_animation_delay&quot;:200}\" data-widget_type=\"text-editor.default\">\n\t\t\t\t<div class=\"elementor-widget-container\">\n\t\t\t\t\t\t\t\t\t<p>\u00a0<\/p>\n<p>Solutions et services sur mesure pour les applications biom\u00e9dicales.<\/p>\t\t\t\t\t\t\t\t<\/div>\n\t\t\t\t<\/div>\n\t\t\t\t<\/div>\n\t\t\t\t\t<\/div>\n\t\t\t\t<\/div>\n\t\t\t\t<\/div>","protected":false},"excerpt":{"rendered":"<p>Application Areas Our company operates across multiple industries, providing innovative solutions in filtration, textiles, cosmetics, and medical applications. We specialize in advanced technologies such as nanofiber production for high-performance filters, plasma-treated textiles with waterproof and flame-retardant properties, and cutting-edge research and development services for cosmetics and medical products. Our expertise ensures tailored solutions that meet the highest industry standards and customer needs. Filtration \u00a0 High-efficiency nanofiber filters with MERV ratings and H14-grade performance. Textile \u00a0 [&hellip;]<\/p>","protected":false},"author":1,"featured_media":0,"parent":0,"menu_order":0,"comment_status":"closed","ping_status":"closed","template":"elementor_header_footer","meta":{"footnotes":""},"class_list":["post-6648","page","type-page","status-publish","hentry"],"yoast_head":"<!-- This site is optimized with the Yoast SEO plugin v24.5 - https:\/\/yoast.com\/wordpress\/plugins\/seo\/ -->\n<title>Products - plasmagear<\/title>\n<meta name=\"robots\" content=\"index, follow, max-snippet:-1, max-image-preview:large, max-video-preview:-1\" \/>\n<link rel=\"canonical\" href=\"https:\/\/plasmagear.ca\/fr\/products\/\" \/>\n<meta property=\"og:locale\" content=\"fr_FR\" \/>\n<meta property=\"og:type\" content=\"article\" \/>\n<meta property=\"og:title\" content=\"Products - plasmagear\" \/>\n<meta property=\"og:description\" content=\"Application Areas Our company operates across multiple industries, providing innovative solutions in filtration, textiles, cosmetics, and medical applications. We specialize in advanced technologies such as nanofiber production for high-performance filters, plasma-treated textiles with waterproof and flame-retardant properties, and cutting-edge research and development services for cosmetics and medical products. Our expertise ensures tailored solutions that meet the highest industry standards and customer needs. Filtration \u00a0 High-efficiency nanofiber filters with MERV ratings and H14-grade performance. Textile \u00a0 [&hellip;]\" \/>\n<meta property=\"og:url\" content=\"https:\/\/plasmagear.ca\/fr\/products\/\" \/>\n<meta property=\"og:site_name\" content=\"plasmagear\" \/>\n<meta property=\"article:modified_time\" content=\"2025-06-02T22:00:37+00:00\" \/>\n<meta property=\"og:image\" content=\"https:\/\/plasmagear.ca\/wp-content\/uploads\/2025\/01\/AdobeStock_323829465-1-1024x1024.jpeg\" \/>\n<meta name=\"twitter:card\" content=\"summary_large_image\" \/>\n<meta name=\"twitter:label1\" content=\"Dur\u00e9e de lecture estim\u00e9e\" \/>\n\t<meta name=\"twitter:data1\" content=\"1 minute\" \/>\n<script type=\"application\/ld+json\" class=\"yoast-schema-graph\">{\"@context\":\"https:\/\/schema.org\",\"@graph\":[{\"@type\":\"WebPage\",\"@id\":\"https:\/\/plasmagear.ca\/products\/\",\"url\":\"https:\/\/plasmagear.ca\/products\/\",\"name\":\"Products - plasmagear\",\"isPartOf\":{\"@id\":\"https:\/\/plasmagear.ca\/#website\"},\"primaryImageOfPage\":{\"@id\":\"https:\/\/plasmagear.ca\/products\/#primaryimage\"},\"image\":{\"@id\":\"https:\/\/plasmagear.ca\/products\/#primaryimage\"},\"thumbnailUrl\":\"https:\/\/plasmagear.ca\/wp-content\/uploads\/2025\/01\/AdobeStock_323829465-1-1024x1024.jpeg\",\"datePublished\":\"2024-11-14T16:51:14+00:00\",\"dateModified\":\"2025-06-02T22:00:37+00:00\",\"breadcrumb\":{\"@id\":\"https:\/\/plasmagear.ca\/products\/#breadcrumb\"},\"inLanguage\":\"fr-FR\",\"potentialAction\":[{\"@type\":\"ReadAction\",\"target\":[\"https:\/\/plasmagear.ca\/products\/\"]}]},{\"@type\":\"ImageObject\",\"inLanguage\":\"fr-FR\",\"@id\":\"https:\/\/plasmagear.ca\/products\/#primaryimage\",\"url\":\"https:\/\/plasmagear.ca\/wp-content\/uploads\/2025\/01\/AdobeStock_323829465-1-1024x1024.jpeg\",\"contentUrl\":\"https:\/\/plasmagear.ca\/wp-content\/uploads\/2025\/01\/AdobeStock_323829465-1-1024x1024.jpeg\"},{\"@type\":\"BreadcrumbList\",\"@id\":\"https:\/\/plasmagear.ca\/products\/#breadcrumb\",\"itemListElement\":[{\"@type\":\"ListItem\",\"position\":1,\"name\":\"Home\",\"item\":\"https:\/\/plasmagear.ca\/\"},{\"@type\":\"ListItem\",\"position\":2,\"name\":\"Products\"}]},{\"@type\":\"WebSite\",\"@id\":\"https:\/\/plasmagear.ca\/#website\",\"url\":\"https:\/\/plasmagear.ca\/\",\"name\":\"www.plasmagear.ca\",\"description\":\"\",\"publisher\":{\"@id\":\"https:\/\/plasmagear.ca\/#organization\"},\"potentialAction\":[{\"@type\":\"SearchAction\",\"target\":{\"@type\":\"EntryPoint\",\"urlTemplate\":\"https:\/\/plasmagear.ca\/?s={search_term_string}\"},\"query-input\":{\"@type\":\"PropertyValueSpecification\",\"valueRequired\":true,\"valueName\":\"search_term_string\"}}],\"inLanguage\":\"fr-FR\"},{\"@type\":\"Organization\",\"@id\":\"https:\/\/plasmagear.ca\/#organization\",\"name\":\"Plasmagear\",\"url\":\"https:\/\/plasmagear.ca\/\",\"logo\":{\"@type\":\"ImageObject\",\"inLanguage\":\"fr-FR\",\"@id\":\"https:\/\/plasmagear.ca\/#\/schema\/logo\/image\/\",\"url\":\"https:\/\/plasmagear.ca\/wp-content\/uploads\/2024\/11\/cropped-Logo-4.png\",\"contentUrl\":\"https:\/\/plasmagear.ca\/wp-content\/uploads\/2024\/11\/cropped-Logo-4.png\",\"width\":1761,\"height\":1243,\"caption\":\"Plasmagear\"},\"image\":{\"@id\":\"https:\/\/plasmagear.ca\/#\/schema\/logo\/image\/\"}}]}<\/script>\n<!-- \/ Yoast SEO plugin. -->","yoast_head_json":{"title":"Products - plasmagear","robots":{"index":"index","follow":"follow","max-snippet":"max-snippet:-1","max-image-preview":"max-image-preview:large","max-video-preview":"max-video-preview:-1"},"canonical":"https:\/\/plasmagear.ca\/fr\/products\/","og_locale":"fr_FR","og_type":"article","og_title":"Products - plasmagear","og_description":"Application Areas Our company operates across multiple industries, providing innovative solutions in filtration, textiles, cosmetics, and medical applications. We specialize in advanced technologies such as nanofiber production for high-performance filters, plasma-treated textiles with waterproof and flame-retardant properties, and cutting-edge research and development services for cosmetics and medical products. Our expertise ensures tailored solutions that meet the highest industry standards and customer needs. Filtration \u00a0 High-efficiency nanofiber filters with MERV ratings and H14-grade performance. Textile \u00a0 [&hellip;]","og_url":"https:\/\/plasmagear.ca\/fr\/products\/","og_site_name":"plasmagear","article_modified_time":"2025-06-02T22:00:37+00:00","og_image":[{"url":"https:\/\/plasmagear.ca\/wp-content\/uploads\/2025\/01\/AdobeStock_323829465-1-1024x1024.jpeg","type":"","width":"","height":""}],"twitter_card":"summary_large_image","twitter_misc":{"Dur\u00e9e de lecture estim\u00e9e":"1 minute"},"schema":{"@context":"https:\/\/schema.org","@graph":[{"@type":"WebPage","@id":"https:\/\/plasmagear.ca\/products\/","url":"https:\/\/plasmagear.ca\/products\/","name":"Products - plasmagear","isPartOf":{"@id":"https:\/\/plasmagear.ca\/#website"},"primaryImageOfPage":{"@id":"https:\/\/plasmagear.ca\/products\/#primaryimage"},"image":{"@id":"https:\/\/plasmagear.ca\/products\/#primaryimage"},"thumbnailUrl":"https:\/\/plasmagear.ca\/wp-content\/uploads\/2025\/01\/AdobeStock_323829465-1-1024x1024.jpeg","datePublished":"2024-11-14T16:51:14+00:00","dateModified":"2025-06-02T22:00:37+00:00","breadcrumb":{"@id":"https:\/\/plasmagear.ca\/products\/#breadcrumb"},"inLanguage":"fr-FR","potentialAction":[{"@type":"ReadAction","target":["https:\/\/plasmagear.ca\/products\/"]}]},{"@type":"ImageObject","inLanguage":"fr-FR","@id":"https:\/\/plasmagear.ca\/products\/#primaryimage","url":"https:\/\/plasmagear.ca\/wp-content\/uploads\/2025\/01\/AdobeStock_323829465-1-1024x1024.jpeg","contentUrl":"https:\/\/plasmagear.ca\/wp-content\/uploads\/2025\/01\/AdobeStock_323829465-1-1024x1024.jpeg"},{"@type":"BreadcrumbList","@id":"https:\/\/plasmagear.ca\/products\/#breadcrumb","itemListElement":[{"@type":"ListItem","position":1,"name":"Home","item":"https:\/\/plasmagear.ca\/"},{"@type":"ListItem","position":2,"name":"Products"}]},{"@type":"WebSite","@id":"https:\/\/plasmagear.ca\/#website","url":"https:\/\/plasmagear.ca\/","name":"www.plasmagear.ca","description":"","publisher":{"@id":"https:\/\/plasmagear.ca\/#organization"},"potentialAction":[{"@type":"SearchAction","target":{"@type":"EntryPoint","urlTemplate":"https:\/\/plasmagear.ca\/?s={search_term_string}"},"query-input":{"@type":"PropertyValueSpecification","valueRequired":true,"valueName":"search_term_string"}}],"inLanguage":"fr-FR"},{"@type":"Organization","@id":"https:\/\/plasmagear.ca\/#organization","name":"Plasmagear","url":"https:\/\/plasmagear.ca\/","logo":{"@type":"ImageObject","inLanguage":"fr-FR","@id":"https:\/\/plasmagear.ca\/#\/schema\/logo\/image\/","url":"https:\/\/plasmagear.ca\/wp-content\/uploads\/2024\/11\/cropped-Logo-4.png","contentUrl":"https:\/\/plasmagear.ca\/wp-content\/uploads\/2024\/11\/cropped-Logo-4.png","width":1761,"height":1243,"caption":"Plasmagear"},"image":{"@id":"https:\/\/plasmagear.ca\/#\/schema\/logo\/image\/"}}]}},"_links":{"self":[{"href":"https:\/\/plasmagear.ca\/fr\/wp-json\/wp\/v2\/pages\/6648","targetHints":{"allow":["GET"]}}],"collection":[{"href":"https:\/\/plasmagear.ca\/fr\/wp-json\/wp\/v2\/pages"}],"about":[{"href":"https:\/\/plasmagear.ca\/fr\/wp-json\/wp\/v2\/types\/page"}],"author":[{"embeddable":true,"href":"https:\/\/plasmagear.ca\/fr\/wp-json\/wp\/v2\/users\/1"}],"replies":[{"embeddable":true,"href":"https:\/\/plasmagear.ca\/fr\/wp-json\/wp\/v2\/comments?post=6648"}],"version-history":[{"count":44,"href":"https:\/\/plasmagear.ca\/fr\/wp-json\/wp\/v2\/pages\/6648\/revisions"}],"predecessor-version":[{"id":8838,"href":"https:\/\/plasmagear.ca\/fr\/wp-json\/wp\/v2\/pages\/6648\/revisions\/8838"}],"wp:attachment":[{"href":"https:\/\/plasmagear.ca\/fr\/wp-json\/wp\/v2\/media?parent=6648"}],"curies":[{"name":"wp","href":"https:\/\/api.w.org\/{rel}","templated":true}]}}