{"id":8669,"date":"2025-02-03T21:04:00","date_gmt":"2025-02-03T21:04:00","guid":{"rendered":"https:\/\/plasmagear.ca\/?page_id=8669"},"modified":"2025-02-20T17:37:57","modified_gmt":"2025-02-20T17:37:57","slug":"get-a-quote-2","status":"publish","type":"page","link":"https:\/\/plasmagear.ca\/fr\/get-a-quote-2\/","title":{"rendered":"Obtenez un Devis"},"content":{"rendered":"<div data-elementor-type=\"wp-page\" data-elementor-id=\"8669\" class=\"elementor elementor-8669\" data-elementor-post-type=\"page\">\n\t\t\t\t<div class=\"elementor-element elementor-element-5d867a8 e-flex e-con-boxed e-con e-parent\" data-id=\"5d867a8\" data-element_type=\"container\">\n\t\t\t\t\t<div class=\"e-con-inner\">\n\t\t\t\t\t<\/div>\n\t\t\t\t<\/div>\n\t\t<div class=\"elementor-element elementor-element-23396fb e-flex e-con-boxed e-con e-parent\" data-id=\"23396fb\" data-element_type=\"container\">\n\t\t\t\t\t<div class=\"e-con-inner\">\n\t\t\t\t<div class=\"elementor-element elementor-element-63a8683 elementor-widget elementor-widget-spacer\" data-id=\"63a8683\" data-element_type=\"widget\" data-widget_type=\"spacer.default\">\n\t\t\t\t<div class=\"elementor-widget-container\">\n\t\t\t\t\t\t\t<div class=\"elementor-spacer\">\n\t\t\t<div class=\"elementor-spacer-inner\"><\/div>\n\t\t<\/div>\n\t\t\t\t\t\t<\/div>\n\t\t\t\t<\/div>\n\t\t\t\t\t<\/div>\n\t\t\t\t<\/div>\n\t\t<div class=\"elementor-element elementor-element-4000fa4b e-con-full e-flex e-con e-parent\" data-id=\"4000fa4b\" data-element_type=\"container\">\n\t\t<div class=\"elementor-element elementor-element-301f60c5 e-con-full e-flex e-con e-child\" data-id=\"301f60c5\" data-element_type=\"container\" data-settings=\"{&quot;background_background&quot;:&quot;classic&quot;}\">\n\t\t<div class=\"elementor-element elementor-element-39261c78 e-flex e-con-boxed e-con e-child\" data-id=\"39261c78\" data-element_type=\"container\">\n\t\t\t\t\t<div class=\"e-con-inner\">\n\t\t\t\t<div class=\"elementor-element elementor-element-369f27b3 elementor-widget elementor-widget-heading\" data-id=\"369f27b3\" data-element_type=\"widget\" data-widget_type=\"heading.default\">\n\t\t\t\t<div class=\"elementor-widget-container\">\n\t\t\t\t\t<h1 class=\"elementor-heading-title elementor-size-default\">Contactez-Nous<\/h1>\t\t\t\t<\/div>\n\t\t\t\t<\/div>\n\t\t\t\t<div class=\"elementor-element elementor-element-2646702d elementor-widget elementor-widget-text-editor\" data-id=\"2646702d\" data-element_type=\"widget\" data-widget_type=\"text-editor.default\">\n\t\t\t\t<div class=\"elementor-widget-container\">\n\t\t\t\t\t\t\t\t\t<p>N'h\u00e9sitez pas \u00e0 nous contacter en utilisant les coordonn\u00e9es ci-dessous.<\/p>\t\t\t\t\t\t\t\t<\/div>\n\t\t\t\t<\/div>\n\t\t\t\t\t<\/div>\n\t\t\t\t<\/div>\n\t\t<div class=\"elementor-element elementor-element-2f8f7fe5 e-flex e-con-boxed e-con e-child\" data-id=\"2f8f7fe5\" data-element_type=\"container\">\n\t\t\t\t\t<div class=\"e-con-inner\">\n\t\t<div class=\"elementor-element elementor-element-4a42d368 e-flex e-con-boxed e-con e-child\" data-id=\"4a42d368\" data-element_type=\"container\">\n\t\t\t\t\t<div class=\"e-con-inner\">\n\t\t\t\t<div class=\"elementor-element elementor-element-269936d3 elementor-widget elementor-widget-heading\" data-id=\"269936d3\" data-element_type=\"widget\" data-widget_type=\"heading.default\">\n\t\t\t\t<div class=\"elementor-widget-container\">\n\t\t\t\t\t<h4 class=\"elementor-heading-title elementor-size-default\">Prenez contact<\/h4>\t\t\t\t<\/div>\n\t\t\t\t<\/div>\n\t\t\t\t<div class=\"elementor-element elementor-element-71f89167 elementor-align-left elementor-icon-list--layout-traditional elementor-list-item-link-full_width elementor-widget elementor-widget-icon-list\" data-id=\"71f89167\" data-element_type=\"widget\" data-widget_type=\"icon-list.default\">\n\t\t\t\t<div class=\"elementor-widget-container\">\n\t\t\t\t\t\t\t<ul class=\"elementor-icon-list-items\">\n\t\t\t\t\t\t\t<li class=\"elementor-icon-list-item\">\n\t\t\t\t\t\t\t\t\t\t<span class=\"elementor-icon-list-text\">info@plasmagear.ca<\/span>\n\t\t\t\t\t\t\t\t\t<\/li>\n\t\t\t\t\t\t<\/ul>\n\t\t\t\t\t\t<\/div>\n\t\t\t\t<\/div>\n\t\t\t\t<div class=\"elementor-element elementor-element-2ba9ac4 elementor-align-left elementor-icon-list--layout-traditional elementor-list-item-link-full_width elementor-widget elementor-widget-icon-list\" data-id=\"2ba9ac4\" data-element_type=\"widget\" data-widget_type=\"icon-list.default\">\n\t\t\t\t<div class=\"elementor-widget-container\">\n\t\t\t\t\t\t\t<ul class=\"elementor-icon-list-items\">\n\t\t\t\t\t\t\t<li class=\"elementor-icon-list-item\">\n\t\t\t\t\t\t\t\t\t\t<span class=\"elementor-icon-list-text\">+1 (438) 728-1243<\/span>\n\t\t\t\t\t\t\t\t\t<\/li>\n\t\t\t\t\t\t<\/ul>\n\t\t\t\t\t\t<\/div>\n\t\t\t\t<\/div>\n\t\t\t\t\t<\/div>\n\t\t\t\t<\/div>\n\t\t\t\t\t<\/div>\n\t\t\t\t<\/div>\n\t\t\t\t<\/div>\n\t\t<div class=\"elementor-element elementor-element-4e55f51d e-con-full e-flex e-con e-child\" data-id=\"4e55f51d\" data-element_type=\"container\" data-settings=\"{&quot;background_background&quot;:&quot;classic&quot;}\">\n\t\t\t\t<div class=\"elementor-element elementor-element-72c21a7 elementor-widget elementor-widget-heading\" data-id=\"72c21a7\" data-element_type=\"widget\" data-widget_type=\"heading.default\">\n\t\t\t\t<div class=\"elementor-widget-container\">\n\t\t\t\t\t<h1 class=\"elementor-heading-title elementor-size-default\">Obtenez une solution sur mesure\n<\/h1>\t\t\t\t<\/div>\n\t\t\t\t<\/div>\n\t\t\t\t<div class=\"elementor-element elementor-element-7bc5cc1a elementor-widget elementor-widget-text-editor\" data-id=\"7bc5cc1a\" data-element_type=\"widget\" data-widget_type=\"text-editor.default\">\n\t\t\t\t<div class=\"elementor-widget-container\">\n\t\t\t\t\t\t\t\t\t<p>Vous cherchez des solutions en nanofibres haute performance?<\/p><p>Faites-nous part de vos besoins, et nous vous fournirons une solution personnalis\u00e9e pour y r\u00e9pondre.<\/p>\t\t\t\t\t\t\t\t<\/div>\n\t\t\t\t<\/div>\n\t\t\t\t<div class=\"elementor-element elementor-element-51208c7a elementor-button-align-center elementor-widget elementor-widget-form\" data-id=\"51208c7a\" data-element_type=\"widget\" data-settings=\"{&quot;step_next_label&quot;:&quot;Next&quot;,&quot;step_previous_label&quot;:&quot;Previous&quot;,&quot;button_width_tablet&quot;:&quot;100&quot;,&quot;button_width&quot;:&quot;100&quot;,&quot;step_type&quot;:&quot;number_text&quot;,&quot;step_icon_shape&quot;:&quot;circle&quot;}\" data-widget_type=\"form.default\">\n\t\t\t\t<div class=\"elementor-widget-container\">\n\t\t\t\t\t\t\t<form class=\"elementor-form\" method=\"post\" name=\"Contact Form\" action=\"\">\n\t\t\t<input type=\"hidden\" name=\"post_id\" value=\"8669\"\/>\n\t\t\t<input type=\"hidden\" name=\"form_id\" value=\"51208c7a\"\/>\n\t\t\t<input type=\"hidden\" name=\"referer_title\" value=\"Get a Quote - plasmagear\" \/>\n\n\t\t\t\t\t\t\t<input type=\"hidden\" name=\"queried_id\" value=\"8669\"\/>\n\t\t\t\n\t\t\t<div class=\"elementor-form-fields-wrapper elementor-labels-\">\n\t\t\t\t\t\t\t\t<div class=\"elementor-field-type-text elementor-field-group elementor-column elementor-field-group-name elementor-col-50 elementor-field-required\">\n\t\t\t\t\t\t\t\t\t\t\t\t<label for=\"form-field-name\" class=\"elementor-field-label elementor-screen-only\">\n\t\t\t\t\t\t\t\tVotre Nom\t\t\t\t\t\t\t<\/label>\n\t\t\t\t\t\t\t\t\t\t\t\t\t\t<input size=\"1\" type=\"text\" name=\"form_fields[name]\" id=\"form-field-name\" class=\"elementor-field elementor-size-md  elementor-field-textual\" placeholder=\"Votre Nom\" required=\"required\">\n\t\t\t\t\t\t\t\t\t\t\t<\/div>\n\t\t\t\t\t\t\t\t<div class=\"elementor-field-type-email elementor-field-group elementor-column elementor-field-group-email elementor-col-50 elementor-md-50 elementor-field-required\">\n\t\t\t\t\t\t\t\t\t\t\t\t<label for=\"form-field-email\" class=\"elementor-field-label elementor-screen-only\">\n\t\t\t\t\t\t\t\tYour email\t\t\t\t\t\t\t<\/label>\n\t\t\t\t\t\t\t\t\t\t\t\t\t\t<input size=\"1\" type=\"email\" name=\"form_fields[email]\" id=\"form-field-email\" class=\"elementor-field elementor-size-md  elementor-field-textual\" placeholder=\"Votre Email\" required=\"required\">\n\t\t\t\t\t\t\t\t\t\t\t<\/div>\n\t\t\t\t\t\t\t\t<div class=\"elementor-field-type-tel elementor-field-group elementor-column elementor-field-group-field_5057311 elementor-col-50 elementor-md-50\">\n\t\t\t\t\t\t\t\t\t\t\t\t<label for=\"form-field-field_5057311\" class=\"elementor-field-label elementor-screen-only\">\n\t\t\t\t\t\t\t\tNum\u00e9ro de T\u00e9l\u00e9phone\t\t\t\t\t\t\t<\/label>\n\t\t\t\t\t\t\t\t<input size=\"1\" type=\"tel\" name=\"form_fields[field_5057311]\" id=\"form-field-field_5057311\" class=\"elementor-field elementor-size-md  elementor-field-textual\" placeholder=\"Num\u00e9ro de T\u00e9l\u00e9phone\" pattern=\"[0-9()#&amp;+*-=.]+\" title=\"Only numbers and phone characters (#, -, *, etc) are accepted.\">\n\n\t\t\t\t\t\t<\/div>\n\t\t\t\t\t\t\t\t<div class=\"elementor-field-type-select elementor-field-group elementor-column elementor-field-group-field_d6c1e2e elementor-col-50 elementor-md-50 elementor-field-required\">\n\t\t\t\t\t\t\t\t\t\t\t\t<label for=\"form-field-field_d6c1e2e\" class=\"elementor-field-label elementor-screen-only\">\n\t\t\t\t\t\t\t\tService Type\t\t\t\t\t\t\t<\/label>\n\t\t\t\t\t\t\t\t<div class=\"elementor-field elementor-select-wrapper remove-before\">\n\t\t\t<div class=\"select-caret-down-wrapper\">\n\t\t\t\t<svg aria-hidden=\"true\" class=\"e-font-icon-svg e-eicon-caret-down\" viewbox=\"0 0 571.4 571.4\" xmlns=\"http:\/\/www.w3.org\/2000\/svg\"><path d=\"M571 393Q571 407 561 418L311 668Q300 679 286 679T261 668L11 418Q0 407 0 393T11 368 36 357H536Q550 357 561 368T571 393Z\"><\/path><\/svg>\t\t\t<\/div>\n\t\t\t<select name=\"form_fields[field_d6c1e2e]\" id=\"form-field-field_d6c1e2e\" class=\"elementor-field-textual elementor-size-md\" required=\"required\">\n\t\t\t\t\t\t\t\t\t<option value=\"Manufacturing\">Fabrication<\/option>\n\t\t\t\t\t\t\t\t\t<option value=\"R&amp;D Services\">R&amp;D Services<\/option>\n\t\t\t\t\t\t\t\t\t<option value=\"IP Development\">D\u00e9veloppement de la Propri\u00e9t\u00e9 Intellectuelle<\/option>\n\t\t\t\t\t\t\t\t\t<option value=\"Other\">Other<\/option>\n\t\t\t\t\t\t\t<\/select>\n\t\t<\/div>\n\t\t\t\t\t\t<\/div>\n\t\t\t\t\t\t\t\t<div class=\"elementor-field-type-textarea elementor-field-group elementor-column elementor-field-group-field_71766c7 elementor-col-100 elementor-field-required\">\n\t\t\t\t\t\t\t\t\t\t\t\t<label for=\"form-field-field_71766c7\" class=\"elementor-field-label elementor-screen-only\">\n\t\t\t\t\t\t\t\tMessage\t\t\t\t\t\t\t<\/label>\n\t\t\t\t\t\t<textarea class=\"elementor-field-textual elementor-field  elementor-size-md\" name=\"form_fields[field_71766c7]\" id=\"form-field-field_71766c7\" rows=\"9\" placeholder=\"Message\" required=\"required\"><\/textarea>\t\t\t\t<\/div>\n\t\t\t\t\t\t\t\t<div class=\"elementor-field-group elementor-column elementor-field-type-submit elementor-col-100 e-form__buttons elementor-md-100\">\n\t\t\t\t\t<button class=\"elementor-button elementor-size-md\" type=\"submit\">\n\t\t\t\t\t\t<span class=\"elementor-button-content-wrapper\">\n\t\t\t\t\t\t\t\t\t\t\t\t\t\t\t\t\t\t\t\t\t\t<span class=\"elementor-button-text\">Send<\/span>\n\t\t\t\t\t\t\t\t\t\t\t\t\t<\/span>\n\t\t\t\t\t<\/button>\n\t\t\t\t<\/div>\n\t\t\t<\/div>\n\t\t<input type=\"hidden\" name=\"trp-form-language\" value=\"fr\"\/><\/form>\n\t\t\t\t\t\t<\/div>\n\t\t\t\t<\/div>\n\t\t\t\t<\/div>\n\t\t\t\t<\/div>\n\t\t<div class=\"elementor-element elementor-element-30229182 e-con-full e-flex e-con e-parent\" data-id=\"30229182\" data-element_type=\"container\">\n\t\t<div class=\"elementor-element elementor-element-32de2365 e-con-full e-flex e-con e-child\" data-id=\"32de2365\" data-element_type=\"container\" data-settings=\"{&quot;background_background&quot;:&quot;classic&quot;}\">\n\t\t\t\t<div class=\"elementor-element elementor-element-524d3d86 elementor-widget elementor-widget-google_maps\" data-id=\"524d3d86\" data-element_type=\"widget\" data-widget_type=\"google_maps.default\">\n\t\t\t\t<div class=\"elementor-widget-container\">\n\t\t\t\t\t\t\t<div class=\"elementor-custom-embed\">\n\t\t\t<iframe loading=\"lazy\"\n\t\t\t\t\tsrc=\"https:\/\/maps.google.com\/maps?q=6674%20Esplanade%20Ave%2C%20Montreal%2C%20Quebec%20H2V%204L5&#038;t=m&#038;z=15&#038;output=embed&#038;iwloc=near\"\n\t\t\t\t\ttitle=\"6674 Esplanade Ave, Montreal, Quebec H2V 4L5\"\n\t\t\t\t\taria-label=\"6674 Esplanade Ave, Montreal, Quebec H2V 4L5\"\n\t\t\t><\/iframe>\n\t\t<\/div>\n\t\t\t\t\t\t<\/div>\n\t\t\t\t<\/div>\n\t\t\t\t<\/div>\n\t\t<div class=\"elementor-element elementor-element-47cc8be4 e-con-full e-flex e-con e-child\" data-id=\"47cc8be4\" data-element_type=\"container\">\n\t\t\t\t<div class=\"elementor-element elementor-element-5b5c35f5 elementor-widget elementor-widget-heading\" data-id=\"5b5c35f5\" data-element_type=\"widget\" data-widget_type=\"heading.default\">\n\t\t\t\t<div class=\"elementor-widget-container\">\n\t\t\t\t\t<h2 class=\"elementor-heading-title elementor-size-default\">Visitez-Nous<\/h2>\t\t\t\t<\/div>\n\t\t\t\t<\/div>\n\t\t\t\t<div class=\"elementor-element elementor-element-13e896e4 elementor-widget elementor-widget-icon-box\" data-id=\"13e896e4\" data-element_type=\"widget\" data-widget_type=\"icon-box.default\">\n\t\t\t\t<div class=\"elementor-widget-container\">\n\t\t\t\t\t\t\t<div class=\"elementor-icon-box-wrapper\">\n\n\t\t\t\n\t\t\t\t\t\t<div class=\"elementor-icon-box-content\">\n\n\t\t\t\t\t\t\t\t\t<h4 class=\"elementor-icon-box-title\">\n\t\t\t\t\t\t<span  >\n\t\t\t\t\t\t\tDiscours:\t\t\t\t\t\t<\/span>\n\t\t\t\t\t<\/h4>\n\t\t\t\t\n\t\t\t\t\t\t\t\t\t<p class=\"elementor-icon-box-description\">\n\t\t\t\t\t\t6674 Esplanade Ave, Montreal, Quebec, Canada H2V 4L5\t\t\t\t\t<\/p>\n\t\t\t\t\n\t\t\t<\/div>\n\t\t\t\n\t\t<\/div>\n\t\t\t\t\t\t<\/div>\n\t\t\t\t<\/div>\n\t\t\t\t<\/div>\n\t\t\t\t<\/div>\n\t\t<div class=\"elementor-element elementor-element-feeff29 e-flex e-con-boxed e-con e-parent\" data-id=\"feeff29\" data-element_type=\"container\">\n\t\t\t\t\t<div class=\"e-con-inner\">\n\t\t\t\t<div class=\"elementor-element elementor-element-9b82713 elementor-widget elementor-widget-spacer\" data-id=\"9b82713\" data-element_type=\"widget\" data-widget_type=\"spacer.default\">\n\t\t\t\t<div class=\"elementor-widget-container\">\n\t\t\t\t\t\t\t<div class=\"elementor-spacer\">\n\t\t\t<div class=\"elementor-spacer-inner\"><\/div>\n\t\t<\/div>\n\t\t\t\t\t\t<\/div>\n\t\t\t\t<\/div>\n\t\t\t\t\t<\/div>\n\t\t\t\t<\/div>\n\t\t\t\t<\/div>","protected":false},"excerpt":{"rendered":"<p>Contact Us Feel free to reach out using the below details. Get In Touch info@plasmagear.ca +1 (438) 728-1243 Get a Tailored Solution Looking for high-performance nanofiber solutions? Let us know your requirements, and we\u2019ll provide a customized solution to meet your needs. Visit Us Address: 6674 Esplanade Ave, Montreal, Quebec, Canada H2V 4L5<\/p>","protected":false},"author":1,"featured_media":0,"parent":0,"menu_order":0,"comment_status":"closed","ping_status":"closed","template":"elementor_header_footer","meta":{"footnotes":""},"class_list":["post-8669","page","type-page","status-publish","hentry"],"yoast_head":"<!-- This site is optimized with the Yoast SEO plugin v24.5 - https:\/\/yoast.com\/wordpress\/plugins\/seo\/ -->\n<title>Get a Quote - plasmagear<\/title>\n<meta name=\"robots\" content=\"index, follow, max-snippet:-1, max-image-preview:large, max-video-preview:-1\" \/>\n<link rel=\"canonical\" href=\"https:\/\/plasmagear.ca\/fr\/get-a-quote-2\/\" \/>\n<meta property=\"og:locale\" content=\"fr_FR\" \/>\n<meta property=\"og:type\" content=\"article\" \/>\n<meta property=\"og:title\" content=\"Get a Quote - plasmagear\" \/>\n<meta property=\"og:description\" content=\"Contact Us Feel free to reach out using the below details. Get In Touch info@plasmagear.ca +1 (438) 728-1243 Get a Tailored Solution Looking for high-performance nanofiber solutions? Let us know your requirements, and we\u2019ll provide a customized solution to meet your needs. Visit Us Address: 6674 Esplanade Ave, Montreal, Quebec, Canada H2V 4L5\" \/>\n<meta property=\"og:url\" content=\"https:\/\/plasmagear.ca\/fr\/get-a-quote-2\/\" \/>\n<meta property=\"og:site_name\" content=\"plasmagear\" \/>\n<meta property=\"article:modified_time\" content=\"2025-02-20T17:37:57+00:00\" \/>\n<meta name=\"twitter:card\" content=\"summary_large_image\" \/>\n<meta name=\"twitter:label1\" content=\"Dur\u00e9e de lecture estim\u00e9e\" \/>\n\t<meta name=\"twitter:data1\" content=\"1 minute\" \/>\n<script type=\"application\/ld+json\" class=\"yoast-schema-graph\">{\"@context\":\"https:\/\/schema.org\",\"@graph\":[{\"@type\":\"WebPage\",\"@id\":\"https:\/\/plasmagear.ca\/get-a-quote-2\/\",\"url\":\"https:\/\/plasmagear.ca\/get-a-quote-2\/\",\"name\":\"Get a Quote - plasmagear\",\"isPartOf\":{\"@id\":\"https:\/\/plasmagear.ca\/#website\"},\"datePublished\":\"2025-02-03T21:04:00+00:00\",\"dateModified\":\"2025-02-20T17:37:57+00:00\",\"breadcrumb\":{\"@id\":\"https:\/\/plasmagear.ca\/get-a-quote-2\/#breadcrumb\"},\"inLanguage\":\"fr-FR\",\"potentialAction\":[{\"@type\":\"ReadAction\",\"target\":[\"https:\/\/plasmagear.ca\/get-a-quote-2\/\"]}]},{\"@type\":\"BreadcrumbList\",\"@id\":\"https:\/\/plasmagear.ca\/get-a-quote-2\/#breadcrumb\",\"itemListElement\":[{\"@type\":\"ListItem\",\"position\":1,\"name\":\"Home\",\"item\":\"https:\/\/plasmagear.ca\/\"},{\"@type\":\"ListItem\",\"position\":2,\"name\":\"Get a Quote\"}]},{\"@type\":\"WebSite\",\"@id\":\"https:\/\/plasmagear.ca\/#website\",\"url\":\"https:\/\/plasmagear.ca\/\",\"name\":\"www.plasmagear.ca\",\"description\":\"\",\"publisher\":{\"@id\":\"https:\/\/plasmagear.ca\/#organization\"},\"potentialAction\":[{\"@type\":\"SearchAction\",\"target\":{\"@type\":\"EntryPoint\",\"urlTemplate\":\"https:\/\/plasmagear.ca\/?s={search_term_string}\"},\"query-input\":{\"@type\":\"PropertyValueSpecification\",\"valueRequired\":true,\"valueName\":\"search_term_string\"}}],\"inLanguage\":\"fr-FR\"},{\"@type\":\"Organization\",\"@id\":\"https:\/\/plasmagear.ca\/#organization\",\"name\":\"Plasmagear\",\"url\":\"https:\/\/plasmagear.ca\/\",\"logo\":{\"@type\":\"ImageObject\",\"inLanguage\":\"fr-FR\",\"@id\":\"https:\/\/plasmagear.ca\/#\/schema\/logo\/image\/\",\"url\":\"https:\/\/plasmagear.ca\/wp-content\/uploads\/2024\/11\/cropped-Logo-4.png\",\"contentUrl\":\"https:\/\/plasmagear.ca\/wp-content\/uploads\/2024\/11\/cropped-Logo-4.png\",\"width\":1761,\"height\":1243,\"caption\":\"Plasmagear\"},\"image\":{\"@id\":\"https:\/\/plasmagear.ca\/#\/schema\/logo\/image\/\"}}]}<\/script>\n<!-- \/ Yoast SEO plugin. -->","yoast_head_json":{"title":"Get a Quote - plasmagear","robots":{"index":"index","follow":"follow","max-snippet":"max-snippet:-1","max-image-preview":"max-image-preview:large","max-video-preview":"max-video-preview:-1"},"canonical":"https:\/\/plasmagear.ca\/fr\/get-a-quote-2\/","og_locale":"fr_FR","og_type":"article","og_title":"Get a Quote - plasmagear","og_description":"Contact Us Feel free to reach out using the below details. Get In Touch info@plasmagear.ca +1 (438) 728-1243 Get a Tailored Solution Looking for high-performance nanofiber solutions? Let us know your requirements, and we\u2019ll provide a customized solution to meet your needs. Visit Us Address: 6674 Esplanade Ave, Montreal, Quebec, Canada H2V 4L5","og_url":"https:\/\/plasmagear.ca\/fr\/get-a-quote-2\/","og_site_name":"plasmagear","article_modified_time":"2025-02-20T17:37:57+00:00","twitter_card":"summary_large_image","twitter_misc":{"Dur\u00e9e de lecture estim\u00e9e":"1 minute"},"schema":{"@context":"https:\/\/schema.org","@graph":[{"@type":"WebPage","@id":"https:\/\/plasmagear.ca\/get-a-quote-2\/","url":"https:\/\/plasmagear.ca\/get-a-quote-2\/","name":"Get a Quote - plasmagear","isPartOf":{"@id":"https:\/\/plasmagear.ca\/#website"},"datePublished":"2025-02-03T21:04:00+00:00","dateModified":"2025-02-20T17:37:57+00:00","breadcrumb":{"@id":"https:\/\/plasmagear.ca\/get-a-quote-2\/#breadcrumb"},"inLanguage":"fr-FR","potentialAction":[{"@type":"ReadAction","target":["https:\/\/plasmagear.ca\/get-a-quote-2\/"]}]},{"@type":"BreadcrumbList","@id":"https:\/\/plasmagear.ca\/get-a-quote-2\/#breadcrumb","itemListElement":[{"@type":"ListItem","position":1,"name":"Home","item":"https:\/\/plasmagear.ca\/"},{"@type":"ListItem","position":2,"name":"Get a Quote"}]},{"@type":"WebSite","@id":"https:\/\/plasmagear.ca\/#website","url":"https:\/\/plasmagear.ca\/","name":"www.plasmagear.ca","description":"","publisher":{"@id":"https:\/\/plasmagear.ca\/#organization"},"potentialAction":[{"@type":"SearchAction","target":{"@type":"EntryPoint","urlTemplate":"https:\/\/plasmagear.ca\/?s={search_term_string}"},"query-input":{"@type":"PropertyValueSpecification","valueRequired":true,"valueName":"search_term_string"}}],"inLanguage":"fr-FR"},{"@type":"Organization","@id":"https:\/\/plasmagear.ca\/#organization","name":"Plasmagear","url":"https:\/\/plasmagear.ca\/","logo":{"@type":"ImageObject","inLanguage":"fr-FR","@id":"https:\/\/plasmagear.ca\/#\/schema\/logo\/image\/","url":"https:\/\/plasmagear.ca\/wp-content\/uploads\/2024\/11\/cropped-Logo-4.png","contentUrl":"https:\/\/plasmagear.ca\/wp-content\/uploads\/2024\/11\/cropped-Logo-4.png","width":1761,"height":1243,"caption":"Plasmagear"},"image":{"@id":"https:\/\/plasmagear.ca\/#\/schema\/logo\/image\/"}}]}},"_links":{"self":[{"href":"https:\/\/plasmagear.ca\/fr\/wp-json\/wp\/v2\/pages\/8669","targetHints":{"allow":["GET"]}}],"collection":[{"href":"https:\/\/plasmagear.ca\/fr\/wp-json\/wp\/v2\/pages"}],"about":[{"href":"https:\/\/plasmagear.ca\/fr\/wp-json\/wp\/v2\/types\/page"}],"author":[{"embeddable":true,"href":"https:\/\/plasmagear.ca\/fr\/wp-json\/wp\/v2\/users\/1"}],"replies":[{"embeddable":true,"href":"https:\/\/plasmagear.ca\/fr\/wp-json\/wp\/v2\/comments?post=8669"}],"version-history":[{"count":25,"href":"https:\/\/plasmagear.ca\/fr\/wp-json\/wp\/v2\/pages\/8669\/revisions"}],"predecessor-version":[{"id":8769,"href":"https:\/\/plasmagear.ca\/fr\/wp-json\/wp\/v2\/pages\/8669\/revisions\/8769"}],"wp:attachment":[{"href":"https:\/\/plasmagear.ca\/fr\/wp-json\/wp\/v2\/media?parent=8669"}],"curies":[{"name":"wp","href":"https:\/\/api.w.org\/{rel}","templated":true}]}}